{"id":11,"date":"2023-03-26T09:58:17","date_gmt":"2023-03-26T09:58:17","guid":{"rendered":"https:\/\/cozystay.loftocean.com\/countryside-lodge\/?page_id=11"},"modified":"2025-04-10T16:31:57","modified_gmt":"2025-04-10T16:31:57","slug":"a-propos","status":"publish","type":"page","link":"https:\/\/riadamya.com\/en\/a-propos\/","title":{"rendered":"About us"},"content":{"rendered":"<div data-elementor-type=\"wp-page\" data-elementor-id=\"11\" class=\"elementor elementor-11\" data-elementor-settings=\"{&quot;ha_cmc_init_switcher&quot;:&quot;no&quot;}\">\n\t\t\t\t\t\t<section class=\"elementor-section elementor-top-section elementor-element elementor-element-3c933659 elementor-section-height-min-height cs-section-content-fullwidth cs-parallax-on-scroll cs_scroll_y_100 elementor-section-boxed elementor-section-height-default elementor-section-items-middle\" data-id=\"3c933659\" data-element_type=\"section\" data-settings=\"{&quot;background_background&quot;:&quot;slideshow&quot;,&quot;background_slideshow_gallery&quot;:[{&quot;id&quot;:2471,&quot;url&quot;:&quot;https:\\\/\\\/riadamya.com\\\/wp-content\\\/uploads\\\/2025\\\/03\\\/U9A23333-scaled.jpg&quot;},{&quot;id&quot;:1906,&quot;url&quot;:&quot;https:\\\/\\\/riadamya.com\\\/wp-content\\\/uploads\\\/2025\\\/03\\\/475A2339-scaled.jpg&quot;},{&quot;id&quot;:2294,&quot;url&quot;:&quot;https:\\\/\\\/riadamya.com\\\/wp-content\\\/uploads\\\/2025\\\/03\\\/U9A2124-scaled.jpg&quot;}],&quot;background_slideshow_slide_duration&quot;:2500,&quot;background_slideshow_loop&quot;:&quot;yes&quot;,&quot;background_slideshow_slide_transition&quot;:&quot;fade&quot;,&quot;background_slideshow_transition_duration&quot;:500,&quot;_ha_eqh_enable&quot;:false}\" data-cs-parallax-y=\"100\">\n\t\t\t\t\t\t\t<div class=\"elementor-background-overlay\"><\/div>\n\t\t\t\t\t\t\t<div class=\"elementor-container elementor-column-gap-no\">\n\t\t\t\t\t<div class=\"elementor-column elementor-col-100 elementor-top-column elementor-element elementor-element-d2134d7 dark-color\" data-id=\"d2134d7\" data-element_type=\"column\">\n\t\t\t<div class=\"elementor-widget-wrap elementor-element-populated\">\n\t\t\t\t\t\t<div class=\"elementor-element elementor-element-4a477e9d elementor-widget elementor-widget-cs_title\" data-id=\"4a477e9d\" data-element_type=\"widget\" data-widget_type=\"cs_title.default\">\n\t\t\t\t<div class=\"elementor-widget-container\">\n\t\t\t\t\t\n        <div class=\"cs-title-wrap text-center\">\t            <div class=\"cs-subtitle-wrap\"><span class=\"cs-subtitle color-white\">RIAD AMYA &amp; SPA MARRAKECH<\/span><\/div>\t            <h1 class=\"cs-title\">\n\t                ABOUT US\t            <\/h1>        <\/div>\t\t\t\t<\/div>\n\t\t\t\t<\/div>\n\t\t\t\t\t<\/div>\n\t\t<\/div>\n\t\t\t\t\t<\/div>\n\t\t<\/section>\n\t\t\t\t<section class=\"elementor-section elementor-top-section elementor-element elementor-element-414dba81 cs-section-content-fullwidth elementor-section-boxed elementor-section-height-default elementor-section-height-default\" data-id=\"414dba81\" data-element_type=\"section\" data-settings=\"{&quot;background_background&quot;:&quot;classic&quot;,&quot;_ha_eqh_enable&quot;:false}\">\n\t\t\t\t\t\t<div class=\"elementor-container elementor-column-gap-no\">\n\t\t\t\t\t<div class=\"elementor-column elementor-col-100 elementor-top-column elementor-element elementor-element-2c2f9653\" data-id=\"2c2f9653\" data-element_type=\"column\">\n\t\t\t<div class=\"elementor-widget-wrap elementor-element-populated\">\n\t\t\t\t\t\t<div class=\"elementor-element elementor-element-b1354c9 elementor-invisible elementor-widget elementor-widget-cs_title\" data-id=\"b1354c9\" data-element_type=\"widget\" data-settings=\"{&quot;_animation&quot;:&quot;fadeIn&quot;,&quot;_animation_delay&quot;:100}\" data-widget_type=\"cs_title.default\">\n\t\t\t\t<div class=\"elementor-widget-container\">\n\t\t\t\t\t\n        <div class=\"cs-title-wrap text-center\">\t            <h3 class=\"cs-title\">\n\t                A haven of peace in the heart of the Medina\n\t            <\/h3>\t            <div class=\"cs-title-text\">\n\t                <p><span style=\"font-weight: 400;\">Sandrine and Denis, a couple from Lyon, fell under the spell of Marrakech twenty years ago. Seduced by the enchanting atmosphere of the medina, they realized their dream in April 2022 when they acquired Riad Amya &amp; Spa. Driven by a passion for Moroccan craftsmanship and heritage, they undertook a complete renovation of the riad, combining authenticity with modern comfort.<\/span><\/p><p><span style=\"font-weight: 400;\">With the help of local craftsmen, they have restored every detail in keeping with the traditions of Moroccan art: meticulously assembled zelliges, warmly hued tadelakt, carved wood and expertly crafted wrought iron. Today, Riad Amya &amp; Spa is a haven of peace in the heart of the Medina, where the soul of Marrakech is reflected in every stone and arabesque.<\/span><\/p>\t            <\/div>        <\/div>\t\t\t\t<\/div>\n\t\t\t\t<\/div>\n\t\t\t\t\t<\/div>\n\t\t<\/div>\n\t\t\t\t\t<\/div>\n\t\t<\/section>\n\t\t\t\t<section class=\"elementor-section elementor-top-section elementor-element elementor-element-757af4e3 cs-section-content-fullwidth elementor-section-boxed elementor-section-height-default elementor-section-height-default\" data-id=\"757af4e3\" data-element_type=\"section\" data-settings=\"{&quot;_ha_eqh_enable&quot;:false}\">\n\t\t\t\t\t\t<div class=\"elementor-container elementor-column-gap-no\">\n\t\t\t\t\t<div class=\"elementor-column elementor-col-100 elementor-top-column elementor-element elementor-element-43a5bb7c\" data-id=\"43a5bb7c\" data-element_type=\"column\">\n\t\t\t<div class=\"elementor-widget-wrap elementor-element-populated\">\n\t\t\t\t\t\t<div class=\"elementor-element elementor-element-7bfee0b0 cs-animation-medium-offset elementor-invisible elementor-widget elementor-widget-cs_gallery\" data-id=\"7bfee0b0\" data-element_type=\"widget\" data-settings=\"{&quot;_animation&quot;:&quot;fadeInUp&quot;,&quot;_animation_delay&quot;:300}\" data-widget_type=\"cs_gallery.default\">\n\t\t\t\t<div class=\"elementor-widget-container\">\n\t\t\t\t\t\n            <div class=\"cs-gallery gap-2 gallery-carousel variable-width\" data-column=\"1\" data-fade=\"off\" data-autoplay=\"off\" data-autoplay-speed=\"5000\" data-show-arrows=\"on\" data-show-dots=\"\" data-variable-width=\"on\" data-overflow-style=\"\" data-center-mode=\"on\">\n                <div class=\"cs-gallery-wrap\">                    <div class=\"cs-gallery-item\"><img fetchpriority=\"high\" decoding=\"async\" width=\"1200\" height=\"800\" src=\"https:\/\/riadamya.com\/wp-content\/uploads\/2025\/03\/U9A2080-1200x800.jpg\" class=\"attachment-cozystay_1200x9999 size-cozystay_1200x9999 wp-image-2298\" alt=\"\" srcset=\"https:\/\/riadamya.com\/wp-content\/uploads\/2025\/03\/U9A2080-1200x800.jpg 1200w, https:\/\/riadamya.com\/wp-content\/uploads\/2025\/03\/U9A2080-300x200.jpg 300w, https:\/\/riadamya.com\/wp-content\/uploads\/2025\/03\/U9A2080-1024x683.jpg 1024w, https:\/\/riadamya.com\/wp-content\/uploads\/2025\/03\/U9A2080-768x512.jpg 768w, https:\/\/riadamya.com\/wp-content\/uploads\/2025\/03\/U9A2080-1536x1024.jpg 1536w, https:\/\/riadamya.com\/wp-content\/uploads\/2025\/03\/U9A2080-2048x1366.jpg 2048w, https:\/\/riadamya.com\/wp-content\/uploads\/2025\/03\/U9A2080-1920x1280.jpg 1920w, https:\/\/riadamya.com\/wp-content\/uploads\/2025\/03\/U9A2080-1440x960.jpg 1440w, https:\/\/riadamya.com\/wp-content\/uploads\/2025\/03\/U9A2080-780x520.jpg 780w, https:\/\/riadamya.com\/wp-content\/uploads\/2025\/03\/U9A2080-600x400.jpg 600w, https:\/\/riadamya.com\/wp-content\/uploads\/2025\/03\/U9A2080-550x367.jpg 550w, https:\/\/riadamya.com\/wp-content\/uploads\/2025\/03\/U9A2080-370x247.jpg 370w, https:\/\/riadamya.com\/wp-content\/uploads\/2025\/03\/U9A2080-255x170.jpg 255w\" sizes=\"(max-width: 1200px) 100vw, 1200px\" \/>                    <\/div>                    <div class=\"cs-gallery-item\"><img decoding=\"async\" width=\"1200\" height=\"800\" data-src=\"https:\/\/riadamya.com\/wp-content\/uploads\/2025\/03\/U9A2035-1200x800.jpg\" class=\"attachment-cozystay_1200x9999 size-cozystay_1200x9999 wp-image-2297 lazyload\" alt=\"\" data-srcset=\"https:\/\/riadamya.com\/wp-content\/uploads\/2025\/03\/U9A2035-1200x800.jpg 1200w, https:\/\/riadamya.com\/wp-content\/uploads\/2025\/03\/U9A2035-300x200.jpg 300w, https:\/\/riadamya.com\/wp-content\/uploads\/2025\/03\/U9A2035-1024x683.jpg 1024w, https:\/\/riadamya.com\/wp-content\/uploads\/2025\/03\/U9A2035-768x512.jpg 768w, https:\/\/riadamya.com\/wp-content\/uploads\/2025\/03\/U9A2035-1536x1024.jpg 1536w, https:\/\/riadamya.com\/wp-content\/uploads\/2025\/03\/U9A2035-2048x1366.jpg 2048w, https:\/\/riadamya.com\/wp-content\/uploads\/2025\/03\/U9A2035-1920x1280.jpg 1920w, https:\/\/riadamya.com\/wp-content\/uploads\/2025\/03\/U9A2035-1440x960.jpg 1440w, https:\/\/riadamya.com\/wp-content\/uploads\/2025\/03\/U9A2035-780x520.jpg 780w, https:\/\/riadamya.com\/wp-content\/uploads\/2025\/03\/U9A2035-600x400.jpg 600w, https:\/\/riadamya.com\/wp-content\/uploads\/2025\/03\/U9A2035-550x367.jpg 550w, https:\/\/riadamya.com\/wp-content\/uploads\/2025\/03\/U9A2035-370x247.jpg 370w, https:\/\/riadamya.com\/wp-content\/uploads\/2025\/03\/U9A2035-255x170.jpg 255w\" data-sizes=\"(max-width: 1200px) 100vw, 1200px\" src=\"data:image\/gif;base64,R0lGODlhAQABAAAAACH5BAEKAAEALAAAAAABAAEAAAICTAEAOw==\" style=\"--smush-placeholder-width: 1200px; --smush-placeholder-aspect-ratio: 1200\/800;\" \/>                    <\/div>                    <div class=\"cs-gallery-item\"><img decoding=\"async\" width=\"1200\" height=\"800\" data-src=\"https:\/\/riadamya.com\/wp-content\/uploads\/2025\/03\/U9A2433-1200x800.jpg\" class=\"attachment-cozystay_1200x9999 size-cozystay_1200x9999 wp-image-2295 lazyload\" alt=\"\" data-srcset=\"https:\/\/riadamya.com\/wp-content\/uploads\/2025\/03\/U9A2433-1200x800.jpg 1200w, https:\/\/riadamya.com\/wp-content\/uploads\/2025\/03\/U9A2433-300x200.jpg 300w, https:\/\/riadamya.com\/wp-content\/uploads\/2025\/03\/U9A2433-1024x683.jpg 1024w, https:\/\/riadamya.com\/wp-content\/uploads\/2025\/03\/U9A2433-768x512.jpg 768w, https:\/\/riadamya.com\/wp-content\/uploads\/2025\/03\/U9A2433-1536x1025.jpg 1536w, https:\/\/riadamya.com\/wp-content\/uploads\/2025\/03\/U9A2433-2048x1366.jpg 2048w, https:\/\/riadamya.com\/wp-content\/uploads\/2025\/03\/U9A2433-1920x1281.jpg 1920w, https:\/\/riadamya.com\/wp-content\/uploads\/2025\/03\/U9A2433-1440x960.jpg 1440w, https:\/\/riadamya.com\/wp-content\/uploads\/2025\/03\/U9A2433-780x520.jpg 780w, https:\/\/riadamya.com\/wp-content\/uploads\/2025\/03\/U9A2433-600x400.jpg 600w, https:\/\/riadamya.com\/wp-content\/uploads\/2025\/03\/U9A2433-550x367.jpg 550w, https:\/\/riadamya.com\/wp-content\/uploads\/2025\/03\/U9A2433-370x247.jpg 370w, https:\/\/riadamya.com\/wp-content\/uploads\/2025\/03\/U9A2433-255x170.jpg 255w\" data-sizes=\"(max-width: 1200px) 100vw, 1200px\" src=\"data:image\/gif;base64,R0lGODlhAQABAAAAACH5BAEKAAEALAAAAAABAAEAAAICTAEAOw==\" style=\"--smush-placeholder-width: 1200px; --smush-placeholder-aspect-ratio: 1200\/800;\" \/>                    <\/div>                    <div class=\"cs-gallery-item\"><img decoding=\"async\" width=\"1200\" height=\"800\" data-src=\"https:\/\/riadamya.com\/wp-content\/uploads\/2025\/03\/475A2098-1200x800.jpg\" class=\"attachment-cozystay_1200x9999 size-cozystay_1200x9999 wp-image-2296 lazyload\" alt=\"\" data-srcset=\"https:\/\/riadamya.com\/wp-content\/uploads\/2025\/03\/475A2098-1200x800.jpg 1200w, https:\/\/riadamya.com\/wp-content\/uploads\/2025\/03\/475A2098-300x200.jpg 300w, https:\/\/riadamya.com\/wp-content\/uploads\/2025\/03\/475A2098-1024x683.jpg 1024w, https:\/\/riadamya.com\/wp-content\/uploads\/2025\/03\/475A2098-768x512.jpg 768w, https:\/\/riadamya.com\/wp-content\/uploads\/2025\/03\/475A2098-1536x1024.jpg 1536w, https:\/\/riadamya.com\/wp-content\/uploads\/2025\/03\/475A2098-2048x1365.jpg 2048w, https:\/\/riadamya.com\/wp-content\/uploads\/2025\/03\/475A2098-1920x1280.jpg 1920w, https:\/\/riadamya.com\/wp-content\/uploads\/2025\/03\/475A2098-1440x960.jpg 1440w, https:\/\/riadamya.com\/wp-content\/uploads\/2025\/03\/475A2098-780x520.jpg 780w, https:\/\/riadamya.com\/wp-content\/uploads\/2025\/03\/475A2098-600x400.jpg 600w, https:\/\/riadamya.com\/wp-content\/uploads\/2025\/03\/475A2098-550x367.jpg 550w, https:\/\/riadamya.com\/wp-content\/uploads\/2025\/03\/475A2098-370x247.jpg 370w, https:\/\/riadamya.com\/wp-content\/uploads\/2025\/03\/475A2098-255x170.jpg 255w\" data-sizes=\"(max-width: 1200px) 100vw, 1200px\" src=\"data:image\/gif;base64,R0lGODlhAQABAAAAACH5BAEKAAEALAAAAAABAAEAAAICTAEAOw==\" style=\"--smush-placeholder-width: 1200px; --smush-placeholder-aspect-ratio: 1200\/800;\" \/>                    <\/div>                <\/div>\n            <\/div>\t\t\t\t<\/div>\n\t\t\t\t<\/div>\n\t\t\t\t\t<\/div>\n\t\t<\/div>\n\t\t\t\t\t<\/div>\n\t\t<\/section>\n\t\t\t\t<\/div>","protected":false},"excerpt":{"rendered":"<p>RIAD AMYA &amp; SPA MARRAKECH ABOUT A haven of peace in the heart of the Medina Sandrine and Denis, a couple originally from Lyon, fell under the spell of Marrakech twenty years ago. Seduced by the enchanting atmosphere of the medina, they made their dream come true in April 2022 when they acquired the Riad ...<\/p>","protected":false},"author":1,"featured_media":0,"parent":0,"menu_order":0,"comment_status":"closed","ping_status":"closed","template":"template-wide-content.php","meta":{"cozystay_single_page_hide_site_header":"","cozystay_single_page_site_header_source":"","cozystay_single_page_custom_site_header":"0","cozystay_single_page_custom_sticky_site_header":"0","cozystay_single_page_hide_page_title":"on","cozystay_single_page_header_section_size":"","cozystay_single_page_header_background_color":"","cozystay_single_page_header_background_position_x":"center","cozystay_single_page_header_background_position_y":"center","cozystay_single_page_header_background_size":"cover","cozystay_single_page_header_background_repeat":"off","cozystay_single_page_header_background_scroll":"on","cozystay_single_page_header_text_color":"","cozystay_single_page_header_show_breadcrumb":"","cozystay_single_page_site_footer_hide_main":"","cozystay_single_custom_site_footer_main_source":"","cozystay_single_custom_site_footer_main":"0","cozystay_single_page_site_footer_hide_above":"","cozystay_single_custom_site_footer_above_source":"","cozystay_single_custom_site_footer_above":"0","cozystay_single_page_site_footer_hide_instagram":"","cozystay_single_page_site_footer_hide_bottom":"","cozystay_single_custom_mobile_menu_source":"","cozystay_single_custom_mobile_menu":"0","cozystay_single_custom_mobile_menu_animation":"","cozystay_single_custom_mobile_menu_width":"","cozystay_single_custom_mobile_menu_custom_width":375,"footnotes":""},"class_list":["post-11","page","type-page","status-publish","hentry"],"yoast_head":"<!-- This site is optimized with the Yoast SEO plugin v25.1 - https:\/\/yoast.com\/wordpress\/plugins\/seo\/ -->\n<title>\u00c0 Propos - Riad Amya and Spa Marrakech<\/title>\n<meta name=\"description\" content=\"Sandrine et Denis, un couple originaire de Lyon, sont tomb\u00e9s sous le charme de Marrakech il y a vingt ans. Ils ont r\u00e9alis\u00e9 leur r\u00eave en avril 2022 en acqu\u00e9rant le Riad Amya &amp; Spa.\" \/>\n<meta name=\"robots\" content=\"index, follow, max-snippet:-1, max-image-preview:large, max-video-preview:-1\" \/>\n<link rel=\"canonical\" href=\"https:\/\/riadamya.com\/en\/a-propos\/\" \/>\n<meta property=\"og:locale\" content=\"en_US\" \/>\n<meta property=\"og:type\" content=\"article\" \/>\n<meta property=\"og:title\" content=\"\u00c0 Propos - Riad Amya and Spa Marrakech\" \/>\n<meta property=\"og:description\" content=\"Sandrine et Denis, un couple originaire de Lyon, sont tomb\u00e9s sous le charme de Marrakech il y a vingt ans. Ils ont r\u00e9alis\u00e9 leur r\u00eave en avril 2022 en acqu\u00e9rant le Riad Amya &amp; Spa.\" \/>\n<meta property=\"og:url\" content=\"https:\/\/riadamya.com\/en\/a-propos\/\" \/>\n<meta property=\"og:site_name\" content=\"Riad Amya and Spa Marrakech\" \/>\n<meta property=\"article:publisher\" content=\"https:\/\/www.facebook.com\/profile.php?id=100081558644289\" \/>\n<meta property=\"article:modified_time\" content=\"2025-04-10T16:31:57+00:00\" \/>\n<meta property=\"og:image\" content=\"https:\/\/riadamya.com\/wp-content\/uploads\/2025\/03\/U9A2080-1200x800.jpg\" \/>\n<meta name=\"twitter:card\" content=\"summary_large_image\" \/>\n<meta name=\"twitter:label1\" content=\"Est. reading time\" \/>\n\t<meta name=\"twitter:data1\" content=\"2 minutes\" \/>\n<script type=\"application\/ld+json\" class=\"yoast-schema-graph\">{\"@context\":\"https:\/\/schema.org\",\"@graph\":[{\"@type\":\"WebPage\",\"@id\":\"https:\/\/riadamya.com\/a-propos\/\",\"url\":\"https:\/\/riadamya.com\/a-propos\/\",\"name\":\"\u00c0 Propos - Riad Amya and Spa Marrakech\",\"isPartOf\":{\"@id\":\"https:\/\/riadamya.com\/#website\"},\"primaryImageOfPage\":{\"@id\":\"https:\/\/riadamya.com\/a-propos\/#primaryimage\"},\"image\":{\"@id\":\"https:\/\/riadamya.com\/a-propos\/#primaryimage\"},\"thumbnailUrl\":\"https:\/\/riadamya.com\/wp-content\/uploads\/2025\/03\/U9A2080-1200x800.jpg\",\"datePublished\":\"2023-03-26T09:58:17+00:00\",\"dateModified\":\"2025-04-10T16:31:57+00:00\",\"description\":\"Sandrine et Denis, un couple originaire de Lyon, sont tomb\u00e9s sous le charme de Marrakech il y a vingt ans. Ils ont r\u00e9alis\u00e9 leur r\u00eave en avril 2022 en acqu\u00e9rant le Riad Amya & Spa.\",\"breadcrumb\":{\"@id\":\"https:\/\/riadamya.com\/a-propos\/#breadcrumb\"},\"inLanguage\":\"en-US\",\"potentialAction\":[{\"@type\":\"ReadAction\",\"target\":[\"https:\/\/riadamya.com\/a-propos\/\"]}]},{\"@type\":\"ImageObject\",\"inLanguage\":\"en-US\",\"@id\":\"https:\/\/riadamya.com\/a-propos\/#primaryimage\",\"url\":\"https:\/\/riadamya.com\/wp-content\/uploads\/2025\/03\/U9A2080-1200x800.jpg\",\"contentUrl\":\"https:\/\/riadamya.com\/wp-content\/uploads\/2025\/03\/U9A2080-1200x800.jpg\"},{\"@type\":\"BreadcrumbList\",\"@id\":\"https:\/\/riadamya.com\/a-propos\/#breadcrumb\",\"itemListElement\":[{\"@type\":\"ListItem\",\"position\":1,\"name\":\"Accueil\",\"item\":\"https:\/\/riadamya.com\/\"},{\"@type\":\"ListItem\",\"position\":2,\"name\":\"\u00c0 Propos\"}]},{\"@type\":\"WebSite\",\"@id\":\"https:\/\/riadamya.com\/#website\",\"url\":\"https:\/\/riadamya.com\/\",\"name\":\"Ryad Amya and Spa Marrakech\",\"description\":\"\",\"publisher\":{\"@id\":\"https:\/\/riadamya.com\/#organization\"},\"potentialAction\":[{\"@type\":\"SearchAction\",\"target\":{\"@type\":\"EntryPoint\",\"urlTemplate\":\"https:\/\/riadamya.com\/?s={search_term_string}\"},\"query-input\":{\"@type\":\"PropertyValueSpecification\",\"valueRequired\":true,\"valueName\":\"search_term_string\"}}],\"inLanguage\":\"en-US\"},{\"@type\":\"Organization\",\"@id\":\"https:\/\/riadamya.com\/#organization\",\"name\":\"Ryad Amya and Spa Marrakech\",\"url\":\"https:\/\/riadamya.com\/\",\"logo\":{\"@type\":\"ImageObject\",\"inLanguage\":\"en-US\",\"@id\":\"https:\/\/riadamya.com\/#\/schema\/logo\/image\/\",\"url\":\"https:\/\/riadamya.com\/wp-content\/uploads\/2025\/03\/cropped-Logo-BLanc.png\",\"contentUrl\":\"https:\/\/riadamya.com\/wp-content\/uploads\/2025\/03\/cropped-Logo-BLanc.png\",\"width\":581,\"height\":294,\"caption\":\"Ryad Amya and Spa Marrakech\"},\"image\":{\"@id\":\"https:\/\/riadamya.com\/#\/schema\/logo\/image\/\"},\"sameAs\":[\"https:\/\/www.facebook.com\/profile.php?id=100081558644289\",\"https:\/\/instagram.com\/riad.amya.spa.marrakech\"]}]}<\/script>\n<!-- \/ Yoast SEO plugin. -->","yoast_head_json":{"title":"About - Riad Amya and Spa Marrakech","description":"Sandrine and Denis, a couple from Lyon, fell under the spell of Marrakech twenty years ago. They made their dream come true in April 2022 when they acquired Riad Amya &amp; Spa.","robots":{"index":"index","follow":"follow","max-snippet":"max-snippet:-1","max-image-preview":"max-image-preview:large","max-video-preview":"max-video-preview:-1"},"canonical":"https:\/\/riadamya.com\/en\/a-propos\/","og_locale":"en_US","og_type":"article","og_title":"\u00c0 Propos - Riad Amya and Spa Marrakech","og_description":"Sandrine et Denis, un couple originaire de Lyon, sont tomb\u00e9s sous le charme de Marrakech il y a vingt ans. Ils ont r\u00e9alis\u00e9 leur r\u00eave en avril 2022 en acqu\u00e9rant le Riad Amya & Spa.","og_url":"https:\/\/riadamya.com\/en\/a-propos\/","og_site_name":"Riad Amya and Spa Marrakech","article_publisher":"https:\/\/www.facebook.com\/profile.php?id=100081558644289","article_modified_time":"2025-04-10T16:31:57+00:00","og_image":[{"url":"https:\/\/riadamya.com\/wp-content\/uploads\/2025\/03\/U9A2080-1200x800.jpg","type":"","width":"","height":""}],"twitter_card":"summary_large_image","twitter_misc":{"Est. reading time":"2 minutes"},"schema":{"@context":"https:\/\/schema.org","@graph":[{"@type":"WebPage","@id":"https:\/\/riadamya.com\/a-propos\/","url":"https:\/\/riadamya.com\/a-propos\/","name":"About - Riad Amya and Spa Marrakech","isPartOf":{"@id":"https:\/\/riadamya.com\/#website"},"primaryImageOfPage":{"@id":"https:\/\/riadamya.com\/a-propos\/#primaryimage"},"image":{"@id":"https:\/\/riadamya.com\/a-propos\/#primaryimage"},"thumbnailUrl":"https:\/\/riadamya.com\/wp-content\/uploads\/2025\/03\/U9A2080-1200x800.jpg","datePublished":"2023-03-26T09:58:17+00:00","dateModified":"2025-04-10T16:31:57+00:00","description":"Sandrine and Denis, a couple from Lyon, fell under the spell of Marrakech twenty years ago. They made their dream come true in April 2022 when they acquired Riad Amya &amp; Spa.","breadcrumb":{"@id":"https:\/\/riadamya.com\/a-propos\/#breadcrumb"},"inLanguage":"en-US","potentialAction":[{"@type":"ReadAction","target":["https:\/\/riadamya.com\/a-propos\/"]}]},{"@type":"ImageObject","inLanguage":"en-US","@id":"https:\/\/riadamya.com\/a-propos\/#primaryimage","url":"https:\/\/riadamya.com\/wp-content\/uploads\/2025\/03\/U9A2080-1200x800.jpg","contentUrl":"https:\/\/riadamya.com\/wp-content\/uploads\/2025\/03\/U9A2080-1200x800.jpg"},{"@type":"BreadcrumbList","@id":"https:\/\/riadamya.com\/a-propos\/#breadcrumb","itemListElement":[{"@type":"ListItem","position":1,"name":"Accueil","item":"https:\/\/riadamya.com\/"},{"@type":"ListItem","position":2,"name":"\u00c0 Propos"}]},{"@type":"WebSite","@id":"https:\/\/riadamya.com\/#website","url":"https:\/\/riadamya.com\/","name":"Ryad Amya and Spa Marrakech","description":"","publisher":{"@id":"https:\/\/riadamya.com\/#organization"},"potentialAction":[{"@type":"SearchAction","target":{"@type":"EntryPoint","urlTemplate":"https:\/\/riadamya.com\/?s={search_term_string}"},"query-input":{"@type":"PropertyValueSpecification","valueRequired":true,"valueName":"search_term_string"}}],"inLanguage":"en-US"},{"@type":"Organization","@id":"https:\/\/riadamya.com\/#organization","name":"Ryad Amya and Spa Marrakech","url":"https:\/\/riadamya.com\/","logo":{"@type":"ImageObject","inLanguage":"en-US","@id":"https:\/\/riadamya.com\/#\/schema\/logo\/image\/","url":"https:\/\/riadamya.com\/wp-content\/uploads\/2025\/03\/cropped-Logo-BLanc.png","contentUrl":"https:\/\/riadamya.com\/wp-content\/uploads\/2025\/03\/cropped-Logo-BLanc.png","width":581,"height":294,"caption":"Ryad Amya and Spa Marrakech"},"image":{"@id":"https:\/\/riadamya.com\/#\/schema\/logo\/image\/"},"sameAs":["https:\/\/www.facebook.com\/profile.php?id=100081558644289","https:\/\/instagram.com\/riad.amya.spa.marrakech"]}]}},"_links":{"self":[{"href":"https:\/\/riadamya.com\/en\/wp-json\/wp\/v2\/pages\/11","targetHints":{"allow":["GET"]}}],"collection":[{"href":"https:\/\/riadamya.com\/en\/wp-json\/wp\/v2\/pages"}],"about":[{"href":"https:\/\/riadamya.com\/en\/wp-json\/wp\/v2\/types\/page"}],"author":[{"embeddable":true,"href":"https:\/\/riadamya.com\/en\/wp-json\/wp\/v2\/users\/1"}],"replies":[{"embeddable":true,"href":"https:\/\/riadamya.com\/en\/wp-json\/wp\/v2\/comments?post=11"}],"version-history":[{"count":17,"href":"https:\/\/riadamya.com\/en\/wp-json\/wp\/v2\/pages\/11\/revisions"}],"predecessor-version":[{"id":2480,"href":"https:\/\/riadamya.com\/en\/wp-json\/wp\/v2\/pages\/11\/revisions\/2480"}],"wp:attachment":[{"href":"https:\/\/riadamya.com\/en\/wp-json\/wp\/v2\/media?parent=11"}],"curies":[{"name":"wp","href":"https:\/\/api.w.org\/{rel}","templated":true}]}}