{"id":1362,"date":"2023-05-21T10:35:38","date_gmt":"2023-05-21T10:35:38","guid":{"rendered":"https:\/\/cozystay.loftocean.com\/countryside-lodge\/?page_id=1362"},"modified":"2025-04-10T16:04:42","modified_gmt":"2025-04-10T16:04:42","slug":"3-vallees","status":"publish","type":"page","link":"https:\/\/riadamya.com\/en\/3-vallees\/","title":{"rendered":"3 valle\u0301es"},"content":{"rendered":"<div data-elementor-type=\"wp-page\" data-elementor-id=\"1362\" class=\"elementor elementor-1362\" data-elementor-settings=\"{&quot;ha_cmc_init_switcher&quot;:&quot;no&quot;}\">\n\t\t\t\t\t\t<section class=\"elementor-section elementor-top-section elementor-element elementor-element-fcb61a4 elementor-section-height-min-height cs-section-content-fullwidth cs-parallax-on-scroll cs_scroll_y_80 elementor-section-boxed elementor-section-height-default elementor-section-items-middle\" data-id=\"fcb61a4\" data-element_type=\"section\" data-settings=\"{&quot;background_background&quot;:&quot;classic&quot;,&quot;_ha_eqh_enable&quot;:false}\" data-cs-parallax-y=\"80\" style=\"background-image: none;\" data-cs-background-image=\"https:\/\/riadamya.com\/wp-content\/uploads\/2025\/03\/vallee-lac-lalla-takerkoust.jpg\" data-cs-background-image-alt-text=\"\">\n\t\t\t\t\t\t\t<div class=\"elementor-background-overlay\"><\/div>\n\t\t\t\t\t\t\t<div class=\"elementor-container elementor-column-gap-no\">\n\t\t\t\t\t<div class=\"elementor-column elementor-col-100 elementor-top-column elementor-element elementor-element-52bbb3b dark-color\" data-id=\"52bbb3b\" data-element_type=\"column\">\n\t\t\t<div class=\"elementor-widget-wrap elementor-element-populated\">\n\t\t\t\t\t\t<div class=\"elementor-element elementor-element-93972f0 elementor-widget elementor-widget-cs_title\" data-id=\"93972f0\" data-element_type=\"widget\" data-widget_type=\"cs_title.default\">\n\t\t\t\t<div class=\"elementor-widget-container\">\n\t\t\t\t\t\n        <div class=\"cs-title-wrap text-center\">\t            <h1 class=\"cs-title\">\n\t                3 Vall\u00e9s\t            <\/h1>\t            <div class=\"cs-title-text\">\n\t                <p>An excursion to the Three Valleys from Marrakech is a must-do experience to discover the diversity of the Atlas landscapes and Berber culture. Here's a typical day's adventure<\/p>\t            <\/div>        <\/div>\t\t\t\t<\/div>\n\t\t\t\t<\/div>\n\t\t\t\t\t<\/div>\n\t\t<\/div>\n\t\t\t\t\t<\/div>\n\t\t<\/section>\n\t\t\t\t<section class=\"elementor-section elementor-top-section elementor-element elementor-element-774558d elementor-section-full_width elementor-reverse-mobile elementor-section-height-default elementor-section-height-default\" data-id=\"774558d\" data-element_type=\"section\" data-settings=\"{&quot;background_background&quot;:&quot;classic&quot;,&quot;_ha_eqh_enable&quot;:false}\">\n\t\t\t\t\t\t<div class=\"elementor-container elementor-column-gap-no\">\n\t\t\t\t\t<div class=\"elementor-column elementor-col-50 elementor-top-column elementor-element elementor-element-22ac593 elementor-invisible\" data-id=\"22ac593\" data-element_type=\"column\" data-settings=\"{&quot;background_background&quot;:&quot;slideshow&quot;,&quot;background_slideshow_gallery&quot;:[{&quot;id&quot;:2099,&quot;url&quot;:&quot;https:\\\/\\\/riadamya.com\\\/wp-content\\\/uploads\\\/2025\\\/03\\\/vallee-d_asni.jpg&quot;},{&quot;id&quot;:2098,&quot;url&quot;:&quot;https:\\\/\\\/riadamya.com\\\/wp-content\\\/uploads\\\/2025\\\/03\\\/valle-de-l_ourika-scaled.jpg&quot;}],&quot;background_slideshow_ken_burns&quot;:&quot;yes&quot;,&quot;animation&quot;:&quot;fadeIn&quot;,&quot;background_slideshow_lazyload&quot;:&quot;yes&quot;,&quot;background_slideshow_loop&quot;:&quot;yes&quot;,&quot;background_slideshow_slide_duration&quot;:5000,&quot;background_slideshow_slide_transition&quot;:&quot;fade&quot;,&quot;background_slideshow_transition_duration&quot;:500,&quot;background_slideshow_ken_burns_zoom_direction&quot;:&quot;in&quot;}\">\n\t\t\t<div class=\"elementor-widget-wrap elementor-element-populated\">\n\t\t\t\t\t\t<div class=\"elementor-element elementor-element-17b2fe9 elementor-widget elementor-widget-spacer\" data-id=\"17b2fe9\" data-element_type=\"widget\" data-widget_type=\"spacer.default\">\n\t\t\t\t<div class=\"elementor-widget-container\">\n\t\t\t\t\t\t\t<div class=\"elementor-spacer\">\n\t\t\t<div class=\"elementor-spacer-inner\"><\/div>\n\t\t<\/div>\n\t\t\t\t\t\t<\/div>\n\t\t\t\t<\/div>\n\t\t\t\t\t<\/div>\n\t\t<\/div>\n\t\t\t\t<div class=\"elementor-column elementor-col-50 elementor-top-column elementor-element elementor-element-059363a dark-color\" data-id=\"059363a\" data-element_type=\"column\">\n\t\t\t<div class=\"elementor-widget-wrap elementor-element-populated\">\n\t\t\t\t\t\t<div class=\"elementor-element elementor-element-e3a2b9b elementor-widget elementor-widget-cs_title\" data-id=\"e3a2b9b\" data-element_type=\"widget\" data-widget_type=\"cs_title.default\">\n\t\t\t\t<div class=\"elementor-widget-container\">\n\t\t\t\t\t\n        <div class=\"cs-title-wrap text-left\">\t            <h4 class=\"cs-title\">\n\t                Tour description\t            <\/h4>\t            <div class=\"cs-title-text\">\n\t                <p>Departure from Marrakech<\/p><p>The day gets off to an early start, with departure from the Riad at 8:30am from Marrakech. After about an hour's drive, we leave the hustle and bustle of the city and head into the Atlas Mountains.<\/p><ol><li>Ourika Valley<\/li><\/ol><p>The first stop is the Ourika valley, famous for its verdant landscapes, small Berber villages and waterfalls. A hike to the Setti-Fatma waterfalls is often proposed, accompanied by a local guide. You can also visit an argan oil cooperative run by Berber women.<\/p><ol start=\"2\"><li>Asni Valley<\/li><\/ol><p>After the Ourika, we head for the Asni valley, famous for its apple, walnut and almond orchards and breathtaking mountain scenery. On a clear day, you can see Mount Toubkal, North Africa's highest peak. A stopover in a Berber village allows you to chat with the locals and enjoy a traditional mint tea.<\/p><ol start=\"3\"><li>Kik valley and Lake Takerkoust plateau<\/li><\/ol><p>The tour continues to the Kik plateau, a more arid region but one offering breathtaking panoramas of the surrounding mountains and plains. The day often ends with a break on the shores of Lake Takerkoust, a peaceful place to relax before returning to Marrakech.<\/p><p>Tour highlights<\/p><ul><li>Varied landscapes: mountains, fertile valleys, traditional villages and lakes.<\/li><li>Meet the Berbers: discover their way of life and traditions.<\/li><li>Hiking and nature: explore the waterfalls and trails of the Atlas mountains.<\/li><li>Culinary experience: tasting of local tajines and Berber tea.<\/li><\/ul><p>It's the perfect getaway for those who want to escape the hustle and bustle of Marrakech and discover the beauty of the Atlas Mountains in just one day.<\/p><p>\"Our excursions are available as private or group tours to suit all budgets - please contact us at reception for detailed rates.\"<\/p>\t            <\/div>        <\/div>\t\t\t\t<\/div>\n\t\t\t\t<\/div>\n\t\t\t\t\t<\/div>\n\t\t<\/div>\n\t\t\t\t\t<\/div>\n\t\t<\/section>\n\t\t\t\t<\/div>","protected":false},"excerpt":{"rendered":"<p>3 Vall\u00e9s Une excursion aux Trois Vall\u00e9es depuis Marrakech est une exp\u00e9rience incontournable pour d\u00e9couvrir la diversit\u00e9 des paysages de l&rsquo;Atlas et la culture berb\u00e8re. Voici un aper\u00e7u typique de cette journ\u00e9e d&rsquo;aventure D\u00e9roulement de l&rsquo;excursion D\u00e9part de Marrakech La journ\u00e9e commence t\u00f4t avec un d\u00e9part du Riad \u00e0 8h30 depuis Marrakech. Apr\u00e8s environ une &#8230;<\/p>","protected":false},"author":1,"featured_media":0,"parent":0,"menu_order":0,"comment_status":"closed","ping_status":"closed","template":"template-wide-content.php","meta":{"cozystay_single_page_hide_site_header":"","cozystay_single_page_site_header_source":"","cozystay_single_page_custom_site_header":"0","cozystay_single_page_custom_sticky_site_header":"0","cozystay_single_page_hide_page_title":"on","cozystay_single_page_header_section_size":"","cozystay_single_page_header_background_color":"","cozystay_single_page_header_background_position_x":"center","cozystay_single_page_header_background_position_y":"center","cozystay_single_page_header_background_size":"cover","cozystay_single_page_header_background_repeat":"off","cozystay_single_page_header_background_scroll":"on","cozystay_single_page_header_text_color":"","cozystay_single_page_header_show_breadcrumb":"","cozystay_single_page_site_footer_hide_main":"","cozystay_single_custom_site_footer_main_source":"","cozystay_single_custom_site_footer_main":"0","cozystay_single_page_site_footer_hide_above":"","cozystay_single_custom_site_footer_above_source":"","cozystay_single_custom_site_footer_above":"0","cozystay_single_page_site_footer_hide_instagram":"","cozystay_single_page_site_footer_hide_bottom":"","cozystay_single_custom_mobile_menu_source":"","cozystay_single_custom_mobile_menu":"0","cozystay_single_custom_mobile_menu_animation":"","cozystay_single_custom_mobile_menu_width":"","cozystay_single_custom_mobile_menu_custom_width":375,"footnotes":""},"class_list":["post-1362","page","type-page","status-publish","hentry"],"yoast_head":"<!-- This site is optimized with the Yoast SEO plugin v25.1 - https:\/\/yoast.com\/wordpress\/plugins\/seo\/ -->\n<title>3 valle\u0301es - Riad Amya and Spa Marrakech<\/title>\n<meta name=\"robots\" content=\"index, follow, max-snippet:-1, max-image-preview:large, max-video-preview:-1\" \/>\n<link rel=\"canonical\" href=\"https:\/\/riadamya.com\/en\/3-vallees\/\" \/>\n<meta property=\"og:locale\" content=\"en_US\" \/>\n<meta property=\"og:type\" content=\"article\" \/>\n<meta property=\"og:title\" content=\"3 valle\u0301es - Riad Amya and Spa Marrakech\" \/>\n<meta property=\"og:description\" content=\"3 Vall\u00e9s Une excursion aux Trois Vall\u00e9es depuis Marrakech est une exp\u00e9rience incontournable pour d\u00e9couvrir la diversit\u00e9 des paysages de l&rsquo;Atlas et la culture berb\u00e8re. Voici un aper\u00e7u typique de cette journ\u00e9e d&rsquo;aventure D\u00e9roulement de l&rsquo;excursion D\u00e9part de Marrakech La journ\u00e9e commence t\u00f4t avec un d\u00e9part du Riad \u00e0 8h30 depuis Marrakech. Apr\u00e8s environ une ...\" \/>\n<meta property=\"og:url\" content=\"https:\/\/riadamya.com\/en\/3-vallees\/\" \/>\n<meta property=\"og:site_name\" content=\"Riad Amya and Spa Marrakech\" \/>\n<meta property=\"article:publisher\" content=\"https:\/\/www.facebook.com\/profile.php?id=100081558644289\" \/>\n<meta property=\"article:modified_time\" content=\"2025-04-10T16:04:42+00:00\" \/>\n<meta name=\"twitter:card\" content=\"summary_large_image\" \/>\n<meta name=\"twitter:label1\" content=\"Est. reading time\" \/>\n\t<meta name=\"twitter:data1\" content=\"2 minutes\" \/>\n<script type=\"application\/ld+json\" class=\"yoast-schema-graph\">{\"@context\":\"https:\/\/schema.org\",\"@graph\":[{\"@type\":\"WebPage\",\"@id\":\"https:\/\/riadamya.com\/3-vallees\/\",\"url\":\"https:\/\/riadamya.com\/3-vallees\/\",\"name\":\"3 valle\u0301es - Riad Amya and Spa Marrakech\",\"isPartOf\":{\"@id\":\"https:\/\/riadamya.com\/#website\"},\"datePublished\":\"2023-05-21T10:35:38+00:00\",\"dateModified\":\"2025-04-10T16:04:42+00:00\",\"breadcrumb\":{\"@id\":\"https:\/\/riadamya.com\/3-vallees\/#breadcrumb\"},\"inLanguage\":\"en-US\",\"potentialAction\":[{\"@type\":\"ReadAction\",\"target\":[\"https:\/\/riadamya.com\/3-vallees\/\"]}]},{\"@type\":\"BreadcrumbList\",\"@id\":\"https:\/\/riadamya.com\/3-vallees\/#breadcrumb\",\"itemListElement\":[{\"@type\":\"ListItem\",\"position\":1,\"name\":\"Accueil\",\"item\":\"https:\/\/riadamya.com\/\"},{\"@type\":\"ListItem\",\"position\":2,\"name\":\"3 valle\u0301es\"}]},{\"@type\":\"WebSite\",\"@id\":\"https:\/\/riadamya.com\/#website\",\"url\":\"https:\/\/riadamya.com\/\",\"name\":\"Ryad Amya and Spa Marrakech\",\"description\":\"\",\"publisher\":{\"@id\":\"https:\/\/riadamya.com\/#organization\"},\"potentialAction\":[{\"@type\":\"SearchAction\",\"target\":{\"@type\":\"EntryPoint\",\"urlTemplate\":\"https:\/\/riadamya.com\/?s={search_term_string}\"},\"query-input\":{\"@type\":\"PropertyValueSpecification\",\"valueRequired\":true,\"valueName\":\"search_term_string\"}}],\"inLanguage\":\"en-US\"},{\"@type\":\"Organization\",\"@id\":\"https:\/\/riadamya.com\/#organization\",\"name\":\"Ryad Amya and Spa Marrakech\",\"url\":\"https:\/\/riadamya.com\/\",\"logo\":{\"@type\":\"ImageObject\",\"inLanguage\":\"en-US\",\"@id\":\"https:\/\/riadamya.com\/#\/schema\/logo\/image\/\",\"url\":\"https:\/\/riadamya.com\/wp-content\/uploads\/2025\/03\/cropped-Logo-BLanc.png\",\"contentUrl\":\"https:\/\/riadamya.com\/wp-content\/uploads\/2025\/03\/cropped-Logo-BLanc.png\",\"width\":581,\"height\":294,\"caption\":\"Ryad Amya and Spa Marrakech\"},\"image\":{\"@id\":\"https:\/\/riadamya.com\/#\/schema\/logo\/image\/\"},\"sameAs\":[\"https:\/\/www.facebook.com\/profile.php?id=100081558644289\",\"https:\/\/instagram.com\/riad.amya.spa.marrakech\"]}]}<\/script>\n<!-- \/ Yoast SEO plugin. -->","yoast_head_json":{"title":"3 valle\u0301es - Riad Amya and Spa Marrakech","robots":{"index":"index","follow":"follow","max-snippet":"max-snippet:-1","max-image-preview":"max-image-preview:large","max-video-preview":"max-video-preview:-1"},"canonical":"https:\/\/riadamya.com\/en\/3-vallees\/","og_locale":"en_US","og_type":"article","og_title":"3 valle\u0301es - Riad Amya and Spa Marrakech","og_description":"3 Vall\u00e9s Une excursion aux Trois Vall\u00e9es depuis Marrakech est une exp\u00e9rience incontournable pour d\u00e9couvrir la diversit\u00e9 des paysages de l&rsquo;Atlas et la culture berb\u00e8re. Voici un aper\u00e7u typique de cette journ\u00e9e d&rsquo;aventure D\u00e9roulement de l&rsquo;excursion D\u00e9part de Marrakech La journ\u00e9e commence t\u00f4t avec un d\u00e9part du Riad \u00e0 8h30 depuis Marrakech. Apr\u00e8s environ une ...","og_url":"https:\/\/riadamya.com\/en\/3-vallees\/","og_site_name":"Riad Amya and Spa Marrakech","article_publisher":"https:\/\/www.facebook.com\/profile.php?id=100081558644289","article_modified_time":"2025-04-10T16:04:42+00:00","twitter_card":"summary_large_image","twitter_misc":{"Est. reading time":"2 minutes"},"schema":{"@context":"https:\/\/schema.org","@graph":[{"@type":"WebPage","@id":"https:\/\/riadamya.com\/3-vallees\/","url":"https:\/\/riadamya.com\/3-vallees\/","name":"3 valle\u0301es - Riad Amya and Spa Marrakech","isPartOf":{"@id":"https:\/\/riadamya.com\/#website"},"datePublished":"2023-05-21T10:35:38+00:00","dateModified":"2025-04-10T16:04:42+00:00","breadcrumb":{"@id":"https:\/\/riadamya.com\/3-vallees\/#breadcrumb"},"inLanguage":"en-US","potentialAction":[{"@type":"ReadAction","target":["https:\/\/riadamya.com\/3-vallees\/"]}]},{"@type":"BreadcrumbList","@id":"https:\/\/riadamya.com\/3-vallees\/#breadcrumb","itemListElement":[{"@type":"ListItem","position":1,"name":"Accueil","item":"https:\/\/riadamya.com\/"},{"@type":"ListItem","position":2,"name":"3 valle\u0301es"}]},{"@type":"WebSite","@id":"https:\/\/riadamya.com\/#website","url":"https:\/\/riadamya.com\/","name":"Ryad Amya and Spa Marrakech","description":"","publisher":{"@id":"https:\/\/riadamya.com\/#organization"},"potentialAction":[{"@type":"SearchAction","target":{"@type":"EntryPoint","urlTemplate":"https:\/\/riadamya.com\/?s={search_term_string}"},"query-input":{"@type":"PropertyValueSpecification","valueRequired":true,"valueName":"search_term_string"}}],"inLanguage":"en-US"},{"@type":"Organization","@id":"https:\/\/riadamya.com\/#organization","name":"Ryad Amya and Spa Marrakech","url":"https:\/\/riadamya.com\/","logo":{"@type":"ImageObject","inLanguage":"en-US","@id":"https:\/\/riadamya.com\/#\/schema\/logo\/image\/","url":"https:\/\/riadamya.com\/wp-content\/uploads\/2025\/03\/cropped-Logo-BLanc.png","contentUrl":"https:\/\/riadamya.com\/wp-content\/uploads\/2025\/03\/cropped-Logo-BLanc.png","width":581,"height":294,"caption":"Ryad Amya and Spa Marrakech"},"image":{"@id":"https:\/\/riadamya.com\/#\/schema\/logo\/image\/"},"sameAs":["https:\/\/www.facebook.com\/profile.php?id=100081558644289","https:\/\/instagram.com\/riad.amya.spa.marrakech"]}]}},"_links":{"self":[{"href":"https:\/\/riadamya.com\/en\/wp-json\/wp\/v2\/pages\/1362","targetHints":{"allow":["GET"]}}],"collection":[{"href":"https:\/\/riadamya.com\/en\/wp-json\/wp\/v2\/pages"}],"about":[{"href":"https:\/\/riadamya.com\/en\/wp-json\/wp\/v2\/types\/page"}],"author":[{"embeddable":true,"href":"https:\/\/riadamya.com\/en\/wp-json\/wp\/v2\/users\/1"}],"replies":[{"embeddable":true,"href":"https:\/\/riadamya.com\/en\/wp-json\/wp\/v2\/comments?post=1362"}],"version-history":[{"count":17,"href":"https:\/\/riadamya.com\/en\/wp-json\/wp\/v2\/pages\/1362\/revisions"}],"predecessor-version":[{"id":2604,"href":"https:\/\/riadamya.com\/en\/wp-json\/wp\/v2\/pages\/1362\/revisions\/2604"}],"wp:attachment":[{"href":"https:\/\/riadamya.com\/en\/wp-json\/wp\/v2\/media?parent=1362"}],"curies":[{"name":"wp","href":"https:\/\/api.w.org\/{rel}","templated":true}]}}