{"id":2167,"date":"2025-03-06T23:55:12","date_gmt":"2025-03-06T23:55:12","guid":{"rendered":"https:\/\/riadamya.com\/?page_id=2167"},"modified":"2025-03-27T02:54:59","modified_gmt":"2025-03-27T02:54:59","slug":"montgolfiere","status":"publish","type":"page","link":"https:\/\/riadamya.com\/en\/montgolfiere\/","title":{"rendered":"Beginner and advanced golf courses"},"content":{"rendered":"<div data-elementor-type=\"wp-page\" data-elementor-id=\"2167\" class=\"elementor elementor-2167\" data-elementor-settings=\"{&quot;ha_cmc_init_switcher&quot;:&quot;no&quot;}\">\n\t\t\t\t\t\t<section class=\"elementor-section elementor-top-section elementor-element elementor-element-fcb61a4 elementor-section-height-min-height cs-section-content-fullwidth cs-parallax-on-scroll cs_scroll_y_80 elementor-section-boxed elementor-section-height-default elementor-section-items-middle\" data-id=\"fcb61a4\" data-element_type=\"section\" data-settings=\"{&quot;background_background&quot;:&quot;classic&quot;,&quot;_ha_eqh_enable&quot;:false}\" data-cs-parallax-y=\"80\" style=\"background-image: none;\" data-cs-background-image=\"https:\/\/riadamya.com\/wp-content\/uploads\/2025\/03\/pexels-cottonbro-6256824-scaled.jpg\" data-cs-background-image-alt-text=\"\">\n\t\t\t\t\t\t\t<div class=\"elementor-background-overlay\"><\/div>\n\t\t\t\t\t\t\t<div class=\"elementor-container elementor-column-gap-no\">\n\t\t\t\t\t<div class=\"elementor-column elementor-col-100 elementor-top-column elementor-element elementor-element-52bbb3b dark-color\" data-id=\"52bbb3b\" data-element_type=\"column\">\n\t\t\t<div class=\"elementor-widget-wrap elementor-element-populated\">\n\t\t\t\t\t\t<div class=\"elementor-element elementor-element-93972f0 elementor-widget elementor-widget-cs_title\" data-id=\"93972f0\" data-element_type=\"widget\" data-widget_type=\"cs_title.default\">\n\t\t\t\t<div class=\"elementor-widget-container\">\n\t\t\t\t\t\n        <div class=\"cs-title-wrap text-center\">\t            <h1 class=\"cs-title\">\n\t                Beginner and advanced golf courses\t            <\/h1>\t            <div class=\"cs-title-text\">\n\t                <p>Riad Amya &amp; Spa offers golf courses for both experienced players wishing to perfect their game and beginners wishing to learn this exceptional sport.<\/p>\t            <\/div>        <\/div>\t\t\t\t<\/div>\n\t\t\t\t<\/div>\n\t\t\t\t\t<\/div>\n\t\t<\/div>\n\t\t\t\t\t<\/div>\n\t\t<\/section>\n\t\t\t\t<section class=\"elementor-section elementor-top-section elementor-element elementor-element-774558d elementor-section-full_width elementor-reverse-mobile elementor-section-height-default elementor-section-height-default\" data-id=\"774558d\" data-element_type=\"section\" data-settings=\"{&quot;background_background&quot;:&quot;classic&quot;,&quot;_ha_eqh_enable&quot;:false}\">\n\t\t\t\t\t\t<div class=\"elementor-container elementor-column-gap-no\">\n\t\t\t\t\t<div class=\"elementor-column elementor-col-50 elementor-top-column elementor-element elementor-element-22ac593 elementor-invisible\" data-id=\"22ac593\" data-element_type=\"column\" data-settings=\"{&quot;background_background&quot;:&quot;slideshow&quot;,&quot;background_slideshow_gallery&quot;:[{&quot;id&quot;:2543,&quot;url&quot;:&quot;https:\\\/\\\/riadamya.com\\\/wp-content\\\/uploads\\\/2025\\\/03\\\/pexels-jopwell-1325656-scaled.jpg&quot;},{&quot;id&quot;:2544,&quot;url&quot;:&quot;https:\\\/\\\/riadamya.com\\\/wp-content\\\/uploads\\\/2025\\\/03\\\/pexels-ashford-marx-1565533-6501725-scaled.jpg&quot;}],&quot;background_slideshow_ken_burns&quot;:&quot;yes&quot;,&quot;animation&quot;:&quot;fadeIn&quot;,&quot;background_slideshow_lazyload&quot;:&quot;yes&quot;,&quot;background_slideshow_slide_duration&quot;:2500,&quot;background_slideshow_loop&quot;:&quot;yes&quot;,&quot;background_slideshow_slide_transition&quot;:&quot;fade&quot;,&quot;background_slideshow_transition_duration&quot;:500,&quot;background_slideshow_ken_burns_zoom_direction&quot;:&quot;in&quot;}\">\n\t\t\t<div class=\"elementor-widget-wrap elementor-element-populated\">\n\t\t\t\t\t\t<div class=\"elementor-element elementor-element-17b2fe9 elementor-widget elementor-widget-spacer\" data-id=\"17b2fe9\" data-element_type=\"widget\" data-widget_type=\"spacer.default\">\n\t\t\t\t<div class=\"elementor-widget-container\">\n\t\t\t\t\t\t\t<div class=\"elementor-spacer\">\n\t\t\t<div class=\"elementor-spacer-inner\"><\/div>\n\t\t<\/div>\n\t\t\t\t\t\t<\/div>\n\t\t\t\t<\/div>\n\t\t\t\t\t<\/div>\n\t\t<\/div>\n\t\t\t\t<div class=\"elementor-column elementor-col-50 elementor-top-column elementor-element elementor-element-059363a dark-color\" data-id=\"059363a\" data-element_type=\"column\">\n\t\t\t<div class=\"elementor-widget-wrap elementor-element-populated\">\n\t\t\t\t\t\t<div class=\"elementor-element elementor-element-e3a2b9b elementor-widget elementor-widget-cs_title\" data-id=\"e3a2b9b\" data-element_type=\"widget\" data-widget_type=\"cs_title.default\">\n\t\t\t\t<div class=\"elementor-widget-container\">\n\t\t\t\t\t\n        <div class=\"cs-title-wrap text-left\">\t            <h4 class=\"cs-title\">\n\t                Activity program\t            <\/h4>\t            <div class=\"cs-title-text\">\n\t                <ul><li><p>This turnkey program includes :<\/p><ul><li>Complete care from the airport, for a worry-free stay.<\/li><li>Reservation of all green fees, guaranteeing access to the best courses.<\/li><li>All transfers between the golf courses and the Riad, for optimum comfort.<\/li><li>A picnic basket on the course, carefully prepared by Riad Amya &amp; Spa for a gourmet break between two swings.<\/li><\/ul><p>Whether you're an experienced golfer or a novice, these courses offer you an immersive, high-end experience in an exceptional setting.<\/p><\/li><\/ul>\t            <\/div>        <\/div>\t\t\t\t<\/div>\n\t\t\t\t<\/div>\n\t\t\t\t\t<\/div>\n\t\t<\/div>\n\t\t\t\t\t<\/div>\n\t\t<\/section>\n\t\t\t\t<\/div>","protected":false},"excerpt":{"rendered":"<p>Stage golf perfectionnement ou de\u0301butant Le Riad Amya &amp; Spa propose des stages de golf adapt\u00e9s aussi bien aux joueurs exp\u00e9riment\u00e9s souhaitant perfectionner leur jeu qu&rsquo;aux d\u00e9butants d\u00e9sireux de s&rsquo;initier \u00e0 ce sport d&rsquo;exception. Programme de l&rsquo;activit\u00e9 Ce programme cl\u00e9 en main inclut : Une prise en charge compl\u00e8te d\u00e8s l&rsquo;a\u00e9roport, pour un s\u00e9jour sans &#8230;<\/p>","protected":false},"author":1,"featured_media":0,"parent":0,"menu_order":0,"comment_status":"closed","ping_status":"closed","template":"template-wide-content.php","meta":{"cozystay_single_page_hide_site_header":"","cozystay_single_page_site_header_source":"","cozystay_single_page_custom_site_header":"0","cozystay_single_page_custom_sticky_site_header":"0","cozystay_single_page_hide_page_title":"on","cozystay_single_page_header_section_size":"","cozystay_single_page_header_background_color":"","cozystay_single_page_header_background_position_x":"center","cozystay_single_page_header_background_position_y":"center","cozystay_single_page_header_background_size":"cover","cozystay_single_page_header_background_repeat":"off","cozystay_single_page_header_background_scroll":"on","cozystay_single_page_header_text_color":"","cozystay_single_page_header_show_breadcrumb":"","cozystay_single_page_site_footer_hide_main":"","cozystay_single_custom_site_footer_main_source":"","cozystay_single_custom_site_footer_main":"0","cozystay_single_page_site_footer_hide_above":"","cozystay_single_custom_site_footer_above_source":"","cozystay_single_custom_site_footer_above":"0","cozystay_single_page_site_footer_hide_instagram":"","cozystay_single_page_site_footer_hide_bottom":"","cozystay_single_custom_mobile_menu_source":"","cozystay_single_custom_mobile_menu":"0","cozystay_single_custom_mobile_menu_animation":"","cozystay_single_custom_mobile_menu_width":"","cozystay_single_custom_mobile_menu_custom_width":375,"footnotes":""},"class_list":["post-2167","page","type-page","status-publish","hentry"],"yoast_head":"<!-- This site is optimized with the Yoast SEO plugin v25.1 - https:\/\/yoast.com\/wordpress\/plugins\/seo\/ -->\n<title>Stage golf perfectionnement ou de\u0301butant - Riad Amya and Spa Marrakech<\/title>\n<meta name=\"robots\" content=\"index, follow, max-snippet:-1, max-image-preview:large, max-video-preview:-1\" \/>\n<link rel=\"canonical\" href=\"https:\/\/riadamya.com\/en\/montgolfiere\/\" \/>\n<meta property=\"og:locale\" content=\"en_US\" \/>\n<meta property=\"og:type\" content=\"article\" \/>\n<meta property=\"og:title\" content=\"Stage golf perfectionnement ou de\u0301butant - Riad Amya and Spa Marrakech\" \/>\n<meta property=\"og:description\" content=\"Stage golf perfectionnement ou de\u0301butant Le Riad Amya &amp; Spa propose des stages de golf adapt\u00e9s aussi bien aux joueurs exp\u00e9riment\u00e9s souhaitant perfectionner leur jeu qu&rsquo;aux d\u00e9butants d\u00e9sireux de s&rsquo;initier \u00e0 ce sport d&rsquo;exception. Programme de l&rsquo;activit\u00e9 Ce programme cl\u00e9 en main inclut : Une prise en charge compl\u00e8te d\u00e8s l&rsquo;a\u00e9roport, pour un s\u00e9jour sans ...\" \/>\n<meta property=\"og:url\" content=\"https:\/\/riadamya.com\/en\/montgolfiere\/\" \/>\n<meta property=\"og:site_name\" content=\"Riad Amya and Spa Marrakech\" \/>\n<meta property=\"article:publisher\" content=\"https:\/\/www.facebook.com\/profile.php?id=100081558644289\" \/>\n<meta property=\"article:modified_time\" content=\"2025-03-27T02:54:59+00:00\" \/>\n<meta name=\"twitter:card\" content=\"summary_large_image\" \/>\n<meta name=\"twitter:label1\" content=\"Est. reading time\" \/>\n\t<meta name=\"twitter:data1\" content=\"1 minute\" \/>\n<script type=\"application\/ld+json\" class=\"yoast-schema-graph\">{\"@context\":\"https:\/\/schema.org\",\"@graph\":[{\"@type\":\"WebPage\",\"@id\":\"https:\/\/riadamya.com\/montgolfiere\/\",\"url\":\"https:\/\/riadamya.com\/montgolfiere\/\",\"name\":\"Stage golf perfectionnement ou de\u0301butant - Riad Amya and Spa Marrakech\",\"isPartOf\":{\"@id\":\"https:\/\/riadamya.com\/#website\"},\"datePublished\":\"2025-03-06T23:55:12+00:00\",\"dateModified\":\"2025-03-27T02:54:59+00:00\",\"breadcrumb\":{\"@id\":\"https:\/\/riadamya.com\/montgolfiere\/#breadcrumb\"},\"inLanguage\":\"en-US\",\"potentialAction\":[{\"@type\":\"ReadAction\",\"target\":[\"https:\/\/riadamya.com\/montgolfiere\/\"]}]},{\"@type\":\"BreadcrumbList\",\"@id\":\"https:\/\/riadamya.com\/montgolfiere\/#breadcrumb\",\"itemListElement\":[{\"@type\":\"ListItem\",\"position\":1,\"name\":\"Accueil\",\"item\":\"https:\/\/riadamya.com\/\"},{\"@type\":\"ListItem\",\"position\":2,\"name\":\"Stage golf perfectionnement ou de\u0301butant\"}]},{\"@type\":\"WebSite\",\"@id\":\"https:\/\/riadamya.com\/#website\",\"url\":\"https:\/\/riadamya.com\/\",\"name\":\"Ryad Amya and Spa Marrakech\",\"description\":\"\",\"publisher\":{\"@id\":\"https:\/\/riadamya.com\/#organization\"},\"potentialAction\":[{\"@type\":\"SearchAction\",\"target\":{\"@type\":\"EntryPoint\",\"urlTemplate\":\"https:\/\/riadamya.com\/?s={search_term_string}\"},\"query-input\":{\"@type\":\"PropertyValueSpecification\",\"valueRequired\":true,\"valueName\":\"search_term_string\"}}],\"inLanguage\":\"en-US\"},{\"@type\":\"Organization\",\"@id\":\"https:\/\/riadamya.com\/#organization\",\"name\":\"Ryad Amya and Spa Marrakech\",\"url\":\"https:\/\/riadamya.com\/\",\"logo\":{\"@type\":\"ImageObject\",\"inLanguage\":\"en-US\",\"@id\":\"https:\/\/riadamya.com\/#\/schema\/logo\/image\/\",\"url\":\"https:\/\/riadamya.com\/wp-content\/uploads\/2025\/03\/cropped-Logo-BLanc.png\",\"contentUrl\":\"https:\/\/riadamya.com\/wp-content\/uploads\/2025\/03\/cropped-Logo-BLanc.png\",\"width\":581,\"height\":294,\"caption\":\"Ryad Amya and Spa Marrakech\"},\"image\":{\"@id\":\"https:\/\/riadamya.com\/#\/schema\/logo\/image\/\"},\"sameAs\":[\"https:\/\/www.facebook.com\/profile.php?id=100081558644289\",\"https:\/\/instagram.com\/riad.amya.spa.marrakech\"]}]}<\/script>\n<!-- \/ Yoast SEO plugin. -->","yoast_head_json":{"title":"Stage golf perfectionnement ou de\u0301butant - Riad Amya and Spa Marrakech","robots":{"index":"index","follow":"follow","max-snippet":"max-snippet:-1","max-image-preview":"max-image-preview:large","max-video-preview":"max-video-preview:-1"},"canonical":"https:\/\/riadamya.com\/en\/montgolfiere\/","og_locale":"en_US","og_type":"article","og_title":"Stage golf perfectionnement ou de\u0301butant - Riad Amya and Spa Marrakech","og_description":"Stage golf perfectionnement ou de\u0301butant Le Riad Amya &amp; Spa propose des stages de golf adapt\u00e9s aussi bien aux joueurs exp\u00e9riment\u00e9s souhaitant perfectionner leur jeu qu&rsquo;aux d\u00e9butants d\u00e9sireux de s&rsquo;initier \u00e0 ce sport d&rsquo;exception. Programme de l&rsquo;activit\u00e9 Ce programme cl\u00e9 en main inclut : Une prise en charge compl\u00e8te d\u00e8s l&rsquo;a\u00e9roport, pour un s\u00e9jour sans ...","og_url":"https:\/\/riadamya.com\/en\/montgolfiere\/","og_site_name":"Riad Amya and Spa Marrakech","article_publisher":"https:\/\/www.facebook.com\/profile.php?id=100081558644289","article_modified_time":"2025-03-27T02:54:59+00:00","twitter_card":"summary_large_image","twitter_misc":{"Est. reading time":"1 minute"},"schema":{"@context":"https:\/\/schema.org","@graph":[{"@type":"WebPage","@id":"https:\/\/riadamya.com\/montgolfiere\/","url":"https:\/\/riadamya.com\/montgolfiere\/","name":"Stage golf perfectionnement ou de\u0301butant - Riad Amya and Spa Marrakech","isPartOf":{"@id":"https:\/\/riadamya.com\/#website"},"datePublished":"2025-03-06T23:55:12+00:00","dateModified":"2025-03-27T02:54:59+00:00","breadcrumb":{"@id":"https:\/\/riadamya.com\/montgolfiere\/#breadcrumb"},"inLanguage":"en-US","potentialAction":[{"@type":"ReadAction","target":["https:\/\/riadamya.com\/montgolfiere\/"]}]},{"@type":"BreadcrumbList","@id":"https:\/\/riadamya.com\/montgolfiere\/#breadcrumb","itemListElement":[{"@type":"ListItem","position":1,"name":"Accueil","item":"https:\/\/riadamya.com\/"},{"@type":"ListItem","position":2,"name":"Stage golf perfectionnement ou de\u0301butant"}]},{"@type":"WebSite","@id":"https:\/\/riadamya.com\/#website","url":"https:\/\/riadamya.com\/","name":"Ryad Amya and Spa Marrakech","description":"","publisher":{"@id":"https:\/\/riadamya.com\/#organization"},"potentialAction":[{"@type":"SearchAction","target":{"@type":"EntryPoint","urlTemplate":"https:\/\/riadamya.com\/?s={search_term_string}"},"query-input":{"@type":"PropertyValueSpecification","valueRequired":true,"valueName":"search_term_string"}}],"inLanguage":"en-US"},{"@type":"Organization","@id":"https:\/\/riadamya.com\/#organization","name":"Ryad Amya and Spa Marrakech","url":"https:\/\/riadamya.com\/","logo":{"@type":"ImageObject","inLanguage":"en-US","@id":"https:\/\/riadamya.com\/#\/schema\/logo\/image\/","url":"https:\/\/riadamya.com\/wp-content\/uploads\/2025\/03\/cropped-Logo-BLanc.png","contentUrl":"https:\/\/riadamya.com\/wp-content\/uploads\/2025\/03\/cropped-Logo-BLanc.png","width":581,"height":294,"caption":"Ryad Amya and Spa Marrakech"},"image":{"@id":"https:\/\/riadamya.com\/#\/schema\/logo\/image\/"},"sameAs":["https:\/\/www.facebook.com\/profile.php?id=100081558644289","https:\/\/instagram.com\/riad.amya.spa.marrakech"]}]}},"_links":{"self":[{"href":"https:\/\/riadamya.com\/en\/wp-json\/wp\/v2\/pages\/2167","targetHints":{"allow":["GET"]}}],"collection":[{"href":"https:\/\/riadamya.com\/en\/wp-json\/wp\/v2\/pages"}],"about":[{"href":"https:\/\/riadamya.com\/en\/wp-json\/wp\/v2\/types\/page"}],"author":[{"embeddable":true,"href":"https:\/\/riadamya.com\/en\/wp-json\/wp\/v2\/users\/1"}],"replies":[{"embeddable":true,"href":"https:\/\/riadamya.com\/en\/wp-json\/wp\/v2\/comments?post=2167"}],"version-history":[{"count":14,"href":"https:\/\/riadamya.com\/en\/wp-json\/wp\/v2\/pages\/2167\/revisions"}],"predecessor-version":[{"id":2547,"href":"https:\/\/riadamya.com\/en\/wp-json\/wp\/v2\/pages\/2167\/revisions\/2547"}],"wp:attachment":[{"href":"https:\/\/riadamya.com\/en\/wp-json\/wp\/v2\/media?parent=2167"}],"curies":[{"name":"wp","href":"https:\/\/api.w.org\/{rel}","templated":true}]}}