{"id":2530,"date":"2025-03-27T02:49:56","date_gmt":"2025-03-27T02:49:56","guid":{"rendered":"https:\/\/riadamya.com\/?page_id=2530"},"modified":"2025-04-10T16:05:24","modified_gmt":"2025-04-10T16:05:24","slug":"marrakech-insiders","status":"publish","type":"page","link":"https:\/\/riadamya.com\/en\/marrakech-insiders\/","title":{"rendered":"Marrakech Insiders"},"content":{"rendered":"<div data-elementor-type=\"wp-page\" data-elementor-id=\"2530\" class=\"elementor elementor-2530\" data-elementor-settings=\"{&quot;ha_cmc_init_switcher&quot;:&quot;no&quot;}\">\n\t\t\t\t\t\t<section class=\"elementor-section elementor-top-section elementor-element elementor-element-fcb61a4 elementor-section-height-min-height cs-section-content-fullwidth cs-parallax-on-scroll cs_scroll_y_80 elementor-section-boxed elementor-section-height-default elementor-section-items-middle\" data-id=\"fcb61a4\" data-element_type=\"section\" data-settings=\"{&quot;background_background&quot;:&quot;classic&quot;,&quot;_ha_eqh_enable&quot;:false}\" data-cs-parallax-y=\"80\" style=\"background-image: none;\" data-cs-background-image=\"https:\/\/riadamya.com\/wp-content\/uploads\/2025\/03\/Insiders-.jpg\" data-cs-background-image-alt-text=\"\">\n\t\t\t\t\t\t\t<div class=\"elementor-background-overlay\"><\/div>\n\t\t\t\t\t\t\t<div class=\"elementor-container elementor-column-gap-no\">\n\t\t\t\t\t<div class=\"elementor-column elementor-col-100 elementor-top-column elementor-element elementor-element-52bbb3b dark-color\" data-id=\"52bbb3b\" data-element_type=\"column\">\n\t\t\t<div class=\"elementor-widget-wrap elementor-element-populated\">\n\t\t\t\t\t\t<div class=\"elementor-element elementor-element-93972f0 elementor-widget elementor-widget-cs_title\" data-id=\"93972f0\" data-element_type=\"widget\" data-widget_type=\"cs_title.default\">\n\t\t\t\t<div class=\"elementor-widget-container\">\n\t\t\t\t\t\n        <div class=\"cs-title-wrap text-center\">\t            <h1 class=\"cs-title\">\n\t                Marrakech Insiders\t            <\/h1>\t            <div class=\"cs-title-text\">\n\t                <p>A vintage sidecar adventure through Marrakech: Medina and Palmeraie<\/p><p>Embark on an unusual and elegant experience aboard a vintage sidecar with Marrakech Insider, a unique and intimate way to discover the red city, far from the usual tourist circuits.<\/p>\t            <\/div>        <\/div>\t\t\t\t<\/div>\n\t\t\t\t<\/div>\n\t\t\t\t\t<\/div>\n\t\t<\/div>\n\t\t\t\t\t<\/div>\n\t\t<\/section>\n\t\t\t\t<section class=\"elementor-section elementor-top-section elementor-element elementor-element-774558d elementor-section-full_width elementor-reverse-mobile elementor-section-height-default elementor-section-height-default\" data-id=\"774558d\" data-element_type=\"section\" data-settings=\"{&quot;background_background&quot;:&quot;classic&quot;,&quot;_ha_eqh_enable&quot;:false}\">\n\t\t\t\t\t\t<div class=\"elementor-container elementor-column-gap-no\">\n\t\t\t\t\t<div class=\"elementor-column elementor-col-50 elementor-top-column elementor-element elementor-element-22ac593 elementor-invisible\" data-id=\"22ac593\" data-element_type=\"column\" data-settings=\"{&quot;background_background&quot;:&quot;slideshow&quot;,&quot;background_slideshow_gallery&quot;:[{&quot;id&quot;:2535,&quot;url&quot;:&quot;https:\\\/\\\/riadamya.com\\\/wp-content\\\/uploads\\\/2025\\\/03\\\/SOPH9144.webp&quot;},{&quot;id&quot;:2536,&quot;url&quot;:&quot;https:\\\/\\\/riadamya.com\\\/wp-content\\\/uploads\\\/2025\\\/03\\\/SOPH0545-683x1024-1.webp&quot;}],&quot;background_slideshow_ken_burns&quot;:&quot;yes&quot;,&quot;animation&quot;:&quot;fadeIn&quot;,&quot;background_slideshow_lazyload&quot;:&quot;yes&quot;,&quot;background_slideshow_loop&quot;:&quot;yes&quot;,&quot;background_slideshow_slide_duration&quot;:5000,&quot;background_slideshow_slide_transition&quot;:&quot;fade&quot;,&quot;background_slideshow_transition_duration&quot;:500,&quot;background_slideshow_ken_burns_zoom_direction&quot;:&quot;in&quot;}\">\n\t\t\t<div class=\"elementor-widget-wrap elementor-element-populated\">\n\t\t\t\t\t\t<div class=\"elementor-element elementor-element-17b2fe9 elementor-widget elementor-widget-spacer\" data-id=\"17b2fe9\" data-element_type=\"widget\" data-widget_type=\"spacer.default\">\n\t\t\t\t<div class=\"elementor-widget-container\">\n\t\t\t\t\t\t\t<div class=\"elementor-spacer\">\n\t\t\t<div class=\"elementor-spacer-inner\"><\/div>\n\t\t<\/div>\n\t\t\t\t\t\t<\/div>\n\t\t\t\t<\/div>\n\t\t\t\t\t<\/div>\n\t\t<\/div>\n\t\t\t\t<div class=\"elementor-column elementor-col-50 elementor-top-column elementor-element elementor-element-059363a dark-color\" data-id=\"059363a\" data-element_type=\"column\">\n\t\t\t<div class=\"elementor-widget-wrap elementor-element-populated\">\n\t\t\t\t\t\t<div class=\"elementor-element elementor-element-e3a2b9b elementor-widget elementor-widget-cs_title\" data-id=\"e3a2b9b\" data-element_type=\"widget\" data-widget_type=\"cs_title.default\">\n\t\t\t\t<div class=\"elementor-widget-container\">\n\t\t\t\t\t\n        <div class=\"cs-title-wrap text-left\">\t            <h4 class=\"cs-title\">\n\t                Activity program\t            <\/h4>\t            <div class=\"cs-title-text\">\n\t                <ul><li><p>Authentic dive in the Medina<\/p><p>Your adventure begins in the winding streets of the Medina, where the muffled sound of the sidecar's engine weaves its way between ochre walls steeped in history. Guided by a passionate insider, you'll pass through little-known neighborhoods, far from the hustle and bustle of the main souks, to discover hidden artisans, secret patios and traditional houses with beautifully carved doors. An immersion in the Marrakesh of the Marrakchis, where time seems to stand still.<\/p><p>Escape to the Palmeraie and its Millenary Irrigation System<\/p><p>Then it's off to the Palmeraie, a veritable oasis at the gateway to the city. As you wind your way along the sandy paths between centuries-old palm trees, you'll discover a fascinating heritage: the ancestral irrigation system of the khettaras, a centuries-old underground network that once supplied the city with water. Your guide will reveal the secrets of these ingenious canals, witnesses to the hydraulic know-how of past civilizations.<\/p><p>A Journey Out of Time<\/p><p>Between stops in hidden spots and historical anecdotes, this ride in a vintage sidecar is an intimate immersion full of character. A cup of mint tea in a discreet guesthouse or a stop under a palm tree to admire the golden light of the desert: every moment is a magical interlude.<\/p><p>Whether you're a heritage enthusiast, an urban adventurer or simply curious and looking for an exclusive, off-the-beaten-track experience, this tour with Marrakech Insider promises a fresh look at the red city, between tradition and retro elegance.<\/p><\/li><\/ul><p>\"Our excursions are available as private or group tours to suit all budgets - please contact us at reception for detailed rates.\"<\/p>\t            <\/div>        <\/div>\t\t\t\t<\/div>\n\t\t\t\t<\/div>\n\t\t\t\t\t<\/div>\n\t\t<\/div>\n\t\t\t\t\t<\/div>\n\t\t<\/section>\n\t\t\t\t<\/div>","protected":false},"excerpt":{"rendered":"<p>Marrakech Insiders Une Aventure en Sidecar vintage \u00e0 travers Marrakech : M\u00e9dina et Palmeraie Embarquez pour une exp\u00e9rience insolite et \u00e9l\u00e9gante \u00e0 bord d&rsquo;un sidecar vintage avec Marrakech Insider, une mani\u00e8re unique et intime de d\u00e9couvrir la ville rouge, loin des circuits touristiques classiques. Programme de l&rsquo;activit\u00e9 Plong\u00e9e Authentique dans la M\u00e9dina Votre aventure commence &#8230;<\/p>","protected":false},"author":1,"featured_media":0,"parent":0,"menu_order":0,"comment_status":"closed","ping_status":"closed","template":"template-wide-content.php","meta":{"cozystay_single_page_hide_site_header":"","cozystay_single_page_site_header_source":"","cozystay_single_page_custom_site_header":"0","cozystay_single_page_custom_sticky_site_header":"0","cozystay_single_page_hide_page_title":"on","cozystay_single_page_header_section_size":"","cozystay_single_page_header_background_color":"","cozystay_single_page_header_background_position_x":"center","cozystay_single_page_header_background_position_y":"center","cozystay_single_page_header_background_size":"cover","cozystay_single_page_header_background_repeat":"off","cozystay_single_page_header_background_scroll":"on","cozystay_single_page_header_text_color":"","cozystay_single_page_header_show_breadcrumb":"","cozystay_single_page_site_footer_hide_main":"","cozystay_single_custom_site_footer_main_source":"","cozystay_single_custom_site_footer_main":"0","cozystay_single_page_site_footer_hide_above":"","cozystay_single_custom_site_footer_above_source":"","cozystay_single_custom_site_footer_above":"0","cozystay_single_page_site_footer_hide_instagram":"","cozystay_single_page_site_footer_hide_bottom":"","cozystay_single_custom_mobile_menu_source":"","cozystay_single_custom_mobile_menu":"0","cozystay_single_custom_mobile_menu_animation":"","cozystay_single_custom_mobile_menu_width":"","cozystay_single_custom_mobile_menu_custom_width":375,"footnotes":""},"class_list":["post-2530","page","type-page","status-publish","hentry"],"yoast_head":"<!-- This site is optimized with the Yoast SEO plugin v25.1 - https:\/\/yoast.com\/wordpress\/plugins\/seo\/ -->\n<title>Marrakech Insiders - Riad Amya and Spa Marrakech<\/title>\n<meta name=\"robots\" content=\"index, follow, max-snippet:-1, max-image-preview:large, max-video-preview:-1\" \/>\n<link rel=\"canonical\" href=\"https:\/\/riadamya.com\/en\/marrakech-insiders\/\" \/>\n<meta property=\"og:locale\" content=\"en_US\" \/>\n<meta property=\"og:type\" content=\"article\" \/>\n<meta property=\"og:title\" content=\"Marrakech Insiders - Riad Amya and Spa Marrakech\" \/>\n<meta property=\"og:description\" content=\"Marrakech Insiders Une Aventure en Sidecar vintage \u00e0 travers Marrakech : M\u00e9dina et Palmeraie Embarquez pour une exp\u00e9rience insolite et \u00e9l\u00e9gante \u00e0 bord d&rsquo;un sidecar vintage avec Marrakech Insider, une mani\u00e8re unique et intime de d\u00e9couvrir la ville rouge, loin des circuits touristiques classiques. Programme de l&rsquo;activit\u00e9 Plong\u00e9e Authentique dans la M\u00e9dina Votre aventure commence ...\" \/>\n<meta property=\"og:url\" content=\"https:\/\/riadamya.com\/en\/marrakech-insiders\/\" \/>\n<meta property=\"og:site_name\" content=\"Riad Amya and Spa Marrakech\" \/>\n<meta property=\"article:publisher\" content=\"https:\/\/www.facebook.com\/profile.php?id=100081558644289\" \/>\n<meta property=\"article:modified_time\" content=\"2025-04-10T16:05:24+00:00\" \/>\n<meta name=\"twitter:card\" content=\"summary_large_image\" \/>\n<meta name=\"twitter:label1\" content=\"Est. reading time\" \/>\n\t<meta name=\"twitter:data1\" content=\"2 minutes\" \/>\n<script type=\"application\/ld+json\" class=\"yoast-schema-graph\">{\"@context\":\"https:\/\/schema.org\",\"@graph\":[{\"@type\":\"WebPage\",\"@id\":\"https:\/\/riadamya.com\/marrakech-insiders\/\",\"url\":\"https:\/\/riadamya.com\/marrakech-insiders\/\",\"name\":\"Marrakech Insiders - Riad Amya and Spa Marrakech\",\"isPartOf\":{\"@id\":\"https:\/\/riadamya.com\/#website\"},\"datePublished\":\"2025-03-27T02:49:56+00:00\",\"dateModified\":\"2025-04-10T16:05:24+00:00\",\"breadcrumb\":{\"@id\":\"https:\/\/riadamya.com\/marrakech-insiders\/#breadcrumb\"},\"inLanguage\":\"en-US\",\"potentialAction\":[{\"@type\":\"ReadAction\",\"target\":[\"https:\/\/riadamya.com\/marrakech-insiders\/\"]}]},{\"@type\":\"BreadcrumbList\",\"@id\":\"https:\/\/riadamya.com\/marrakech-insiders\/#breadcrumb\",\"itemListElement\":[{\"@type\":\"ListItem\",\"position\":1,\"name\":\"Accueil\",\"item\":\"https:\/\/riadamya.com\/\"},{\"@type\":\"ListItem\",\"position\":2,\"name\":\"Marrakech Insiders\"}]},{\"@type\":\"WebSite\",\"@id\":\"https:\/\/riadamya.com\/#website\",\"url\":\"https:\/\/riadamya.com\/\",\"name\":\"Ryad Amya and Spa Marrakech\",\"description\":\"\",\"publisher\":{\"@id\":\"https:\/\/riadamya.com\/#organization\"},\"potentialAction\":[{\"@type\":\"SearchAction\",\"target\":{\"@type\":\"EntryPoint\",\"urlTemplate\":\"https:\/\/riadamya.com\/?s={search_term_string}\"},\"query-input\":{\"@type\":\"PropertyValueSpecification\",\"valueRequired\":true,\"valueName\":\"search_term_string\"}}],\"inLanguage\":\"en-US\"},{\"@type\":\"Organization\",\"@id\":\"https:\/\/riadamya.com\/#organization\",\"name\":\"Ryad Amya and Spa Marrakech\",\"url\":\"https:\/\/riadamya.com\/\",\"logo\":{\"@type\":\"ImageObject\",\"inLanguage\":\"en-US\",\"@id\":\"https:\/\/riadamya.com\/#\/schema\/logo\/image\/\",\"url\":\"https:\/\/riadamya.com\/wp-content\/uploads\/2025\/03\/cropped-Logo-BLanc.png\",\"contentUrl\":\"https:\/\/riadamya.com\/wp-content\/uploads\/2025\/03\/cropped-Logo-BLanc.png\",\"width\":581,\"height\":294,\"caption\":\"Ryad Amya and Spa Marrakech\"},\"image\":{\"@id\":\"https:\/\/riadamya.com\/#\/schema\/logo\/image\/\"},\"sameAs\":[\"https:\/\/www.facebook.com\/profile.php?id=100081558644289\",\"https:\/\/instagram.com\/riad.amya.spa.marrakech\"]}]}<\/script>\n<!-- \/ Yoast SEO plugin. -->","yoast_head_json":{"title":"Marrakech Insiders - Riad Amya and Spa Marrakech","robots":{"index":"index","follow":"follow","max-snippet":"max-snippet:-1","max-image-preview":"max-image-preview:large","max-video-preview":"max-video-preview:-1"},"canonical":"https:\/\/riadamya.com\/en\/marrakech-insiders\/","og_locale":"en_US","og_type":"article","og_title":"Marrakech Insiders - Riad Amya and Spa Marrakech","og_description":"Marrakech Insiders Une Aventure en Sidecar vintage \u00e0 travers Marrakech : M\u00e9dina et Palmeraie Embarquez pour une exp\u00e9rience insolite et \u00e9l\u00e9gante \u00e0 bord d&rsquo;un sidecar vintage avec Marrakech Insider, une mani\u00e8re unique et intime de d\u00e9couvrir la ville rouge, loin des circuits touristiques classiques. Programme de l&rsquo;activit\u00e9 Plong\u00e9e Authentique dans la M\u00e9dina Votre aventure commence ...","og_url":"https:\/\/riadamya.com\/en\/marrakech-insiders\/","og_site_name":"Riad Amya and Spa Marrakech","article_publisher":"https:\/\/www.facebook.com\/profile.php?id=100081558644289","article_modified_time":"2025-04-10T16:05:24+00:00","twitter_card":"summary_large_image","twitter_misc":{"Est. reading time":"2 minutes"},"schema":{"@context":"https:\/\/schema.org","@graph":[{"@type":"WebPage","@id":"https:\/\/riadamya.com\/marrakech-insiders\/","url":"https:\/\/riadamya.com\/marrakech-insiders\/","name":"Marrakech Insiders - Riad Amya and Spa Marrakech","isPartOf":{"@id":"https:\/\/riadamya.com\/#website"},"datePublished":"2025-03-27T02:49:56+00:00","dateModified":"2025-04-10T16:05:24+00:00","breadcrumb":{"@id":"https:\/\/riadamya.com\/marrakech-insiders\/#breadcrumb"},"inLanguage":"en-US","potentialAction":[{"@type":"ReadAction","target":["https:\/\/riadamya.com\/marrakech-insiders\/"]}]},{"@type":"BreadcrumbList","@id":"https:\/\/riadamya.com\/marrakech-insiders\/#breadcrumb","itemListElement":[{"@type":"ListItem","position":1,"name":"Accueil","item":"https:\/\/riadamya.com\/"},{"@type":"ListItem","position":2,"name":"Marrakech Insiders"}]},{"@type":"WebSite","@id":"https:\/\/riadamya.com\/#website","url":"https:\/\/riadamya.com\/","name":"Ryad Amya and Spa Marrakech","description":"","publisher":{"@id":"https:\/\/riadamya.com\/#organization"},"potentialAction":[{"@type":"SearchAction","target":{"@type":"EntryPoint","urlTemplate":"https:\/\/riadamya.com\/?s={search_term_string}"},"query-input":{"@type":"PropertyValueSpecification","valueRequired":true,"valueName":"search_term_string"}}],"inLanguage":"en-US"},{"@type":"Organization","@id":"https:\/\/riadamya.com\/#organization","name":"Ryad Amya and Spa Marrakech","url":"https:\/\/riadamya.com\/","logo":{"@type":"ImageObject","inLanguage":"en-US","@id":"https:\/\/riadamya.com\/#\/schema\/logo\/image\/","url":"https:\/\/riadamya.com\/wp-content\/uploads\/2025\/03\/cropped-Logo-BLanc.png","contentUrl":"https:\/\/riadamya.com\/wp-content\/uploads\/2025\/03\/cropped-Logo-BLanc.png","width":581,"height":294,"caption":"Ryad Amya and Spa Marrakech"},"image":{"@id":"https:\/\/riadamya.com\/#\/schema\/logo\/image\/"},"sameAs":["https:\/\/www.facebook.com\/profile.php?id=100081558644289","https:\/\/instagram.com\/riad.amya.spa.marrakech"]}]}},"_links":{"self":[{"href":"https:\/\/riadamya.com\/en\/wp-json\/wp\/v2\/pages\/2530","targetHints":{"allow":["GET"]}}],"collection":[{"href":"https:\/\/riadamya.com\/en\/wp-json\/wp\/v2\/pages"}],"about":[{"href":"https:\/\/riadamya.com\/en\/wp-json\/wp\/v2\/types\/page"}],"author":[{"embeddable":true,"href":"https:\/\/riadamya.com\/en\/wp-json\/wp\/v2\/users\/1"}],"replies":[{"embeddable":true,"href":"https:\/\/riadamya.com\/en\/wp-json\/wp\/v2\/comments?post=2530"}],"version-history":[{"count":7,"href":"https:\/\/riadamya.com\/en\/wp-json\/wp\/v2\/pages\/2530\/revisions"}],"predecessor-version":[{"id":2619,"href":"https:\/\/riadamya.com\/en\/wp-json\/wp\/v2\/pages\/2530\/revisions\/2619"}],"wp:attachment":[{"href":"https:\/\/riadamya.com\/en\/wp-json\/wp\/v2\/media?parent=2530"}],"curies":[{"name":"wp","href":"https:\/\/api.w.org\/{rel}","templated":true}]}}