{"id":263,"date":"2023-03-28T03:07:48","date_gmt":"2023-03-28T03:07:48","guid":{"rendered":"https:\/\/cozystay.loftocean.com\/countryside-lodge\/?page_id=263"},"modified":"2025-04-10T16:36:15","modified_gmt":"2025-04-10T16:36:15","slug":"privatisation","status":"publish","type":"page","link":"https:\/\/riadamya.com\/en\/privatisation\/","title":{"rendered":"Privatization"},"content":{"rendered":"<div data-elementor-type=\"wp-page\" data-elementor-id=\"263\" class=\"elementor elementor-263\" data-elementor-settings=\"{&quot;ha_cmc_init_switcher&quot;:&quot;no&quot;}\">\n\t\t\t\t\t\t<section class=\"elementor-section elementor-top-section elementor-element elementor-element-37ea7e01 elementor-section-height-min-height cs-section-content-fullwidth cs-parallax-on-scroll cs_scroll_y_100 elementor-section-boxed elementor-section-height-default elementor-section-items-middle\" data-id=\"37ea7e01\" data-element_type=\"section\" data-settings=\"{&quot;background_background&quot;:&quot;classic&quot;,&quot;_ha_eqh_enable&quot;:false}\" data-cs-parallax-y=\"100\" style=\"background-image: none;\" data-cs-background-image=\"https:\/\/riadamya.com\/wp-content\/uploads\/2025\/03\/5-scaled.jpeg\" data-cs-background-image-alt-text=\"\">\n\t\t\t\t\t\t\t<div class=\"elementor-background-overlay\"><\/div>\n\t\t\t\t\t\t\t<div class=\"elementor-container elementor-column-gap-no\">\n\t\t\t\t\t<div class=\"elementor-column elementor-col-100 elementor-top-column elementor-element elementor-element-8573304 dark-color\" data-id=\"8573304\" data-element_type=\"column\">\n\t\t\t<div class=\"elementor-widget-wrap elementor-element-populated\">\n\t\t\t\t\t\t<div class=\"elementor-element elementor-element-6d7ccee7 elementor-widget elementor-widget-cs_title\" data-id=\"6d7ccee7\" data-element_type=\"widget\" data-widget_type=\"cs_title.default\">\n\t\t\t\t<div class=\"elementor-widget-container\">\n\t\t\t\t\t\n        <div class=\"cs-title-wrap text-center\">\t            <div class=\"cs-subtitle-wrap\"><span class=\"cs-subtitle color-white\">Riad Amya &amp; Spa just for you! <\/span><\/div>\t            <h1 class=\"cs-title\">\n\t                Privatization\t            <\/h1>\t            <div class=\"cs-title-text\">\n\t                <p>\u00a0An Intimate and Authentic Experience<\/p>\t            <\/div>        <\/div>\t\t\t\t<\/div>\n\t\t\t\t<\/div>\n\t\t\t\t\t<\/div>\n\t\t<\/div>\n\t\t\t\t\t<\/div>\n\t\t<\/section>\n\t\t\t\t<section class=\"elementor-section elementor-top-section elementor-element elementor-element-28fc51f8 cs-section-content-fullwidth elementor-section-boxed elementor-section-height-default elementor-section-height-default\" data-id=\"28fc51f8\" data-element_type=\"section\" data-settings=\"{&quot;background_background&quot;:&quot;classic&quot;,&quot;_ha_eqh_enable&quot;:false}\">\n\t\t\t\t\t\t<div class=\"elementor-container elementor-column-gap-no\">\n\t\t\t\t\t<div class=\"elementor-column elementor-col-100 elementor-top-column elementor-element elementor-element-6874ccc9\" data-id=\"6874ccc9\" data-element_type=\"column\">\n\t\t\t<div class=\"elementor-widget-wrap elementor-element-populated\">\n\t\t\t\t\t\t<div class=\"elementor-element elementor-element-6d01f245 elementor-widget elementor-widget-cs_title\" data-id=\"6d01f245\" data-element_type=\"widget\" data-widget_type=\"cs_title.default\">\n\t\t\t\t<div class=\"elementor-widget-container\">\n\t\t\t\t\t\n        <div class=\"cs-title-wrap text-center\">\t            <div class=\"cs-title-text\">\n\t                <p>Located in the heart of Marrakech's Medina, our magnificent, charming riad opens its doors to you for unforgettable private events. Whether it's for a birthday, a family reunion, a celebration with friends or a special event, make this tranquil setting your own, and enjoy top-of-the-range service in a refined, authentic setting.<\/p>\t            <\/div>        <\/div>\t\t\t\t<\/div>\n\t\t\t\t<\/div>\n\t\t\t\t\t<\/div>\n\t\t<\/div>\n\t\t\t\t\t<\/div>\n\t\t<\/section>\n\t\t\t\t<section class=\"elementor-section elementor-top-section elementor-element elementor-element-341d988 elementor-section-full_width elementor-section-content-middle cs-animation-small-offset elementor-section-height-default elementor-section-height-default elementor-invisible\" data-id=\"341d988\" data-element_type=\"section\" data-settings=\"{&quot;background_background&quot;:&quot;classic&quot;,&quot;animation&quot;:&quot;fadeInUp&quot;,&quot;_ha_eqh_enable&quot;:false}\">\n\t\t\t\t\t\t<div class=\"elementor-container elementor-column-gap-no\">\n\t\t\t\t\t<div class=\"elementor-column elementor-col-50 elementor-top-column elementor-element elementor-element-a39254c\" data-id=\"a39254c\" data-element_type=\"column\" data-settings=\"{&quot;background_background&quot;:&quot;slideshow&quot;,&quot;background_slideshow_gallery&quot;:[{&quot;id&quot;:2215,&quot;url&quot;:&quot;https:\\\/\\\/riadamya.com\\\/wp-content\\\/uploads\\\/2025\\\/03\\\/4-scaled.jpeg&quot;},{&quot;id&quot;:2220,&quot;url&quot;:&quot;https:\\\/\\\/riadamya.com\\\/wp-content\\\/uploads\\\/2025\\\/03\\\/9-scaled.jpeg&quot;},{&quot;id&quot;:2214,&quot;url&quot;:&quot;https:\\\/\\\/riadamya.com\\\/wp-content\\\/uploads\\\/2025\\\/03\\\/3-scaled.jpeg&quot;}],&quot;background_slideshow_ken_burns&quot;:&quot;yes&quot;,&quot;background_slideshow_slide_duration&quot;:3000,&quot;background_slideshow_loop&quot;:&quot;yes&quot;,&quot;background_slideshow_slide_transition&quot;:&quot;fade&quot;,&quot;background_slideshow_transition_duration&quot;:500,&quot;background_slideshow_ken_burns_zoom_direction&quot;:&quot;in&quot;}\">\n\t\t\t<div class=\"elementor-widget-wrap elementor-element-populated\">\n\t\t\t\t\t\t<div class=\"elementor-element elementor-element-b69d06c elementor-widget elementor-widget-spacer\" data-id=\"b69d06c\" data-element_type=\"widget\" data-widget_type=\"spacer.default\">\n\t\t\t\t<div class=\"elementor-widget-container\">\n\t\t\t\t\t\t\t<div class=\"elementor-spacer\">\n\t\t\t<div class=\"elementor-spacer-inner\"><\/div>\n\t\t<\/div>\n\t\t\t\t\t\t<\/div>\n\t\t\t\t<\/div>\n\t\t\t\t\t<\/div>\n\t\t<\/div>\n\t\t\t\t<div class=\"elementor-column elementor-col-50 elementor-top-column elementor-element elementor-element-3986c40 dark-color\" data-id=\"3986c40\" data-element_type=\"column\">\n\t\t\t<div class=\"elementor-widget-wrap elementor-element-populated\">\n\t\t\t\t\t\t<div class=\"elementor-element elementor-element-046bff5 elementor-widget elementor-widget-cs_title\" data-id=\"046bff5\" data-element_type=\"widget\" data-widget_type=\"cs_title.default\">\n\t\t\t\t<div class=\"elementor-widget-container\">\n\t\t\t\t\t\n        <div class=\"cs-title-wrap\">\t            <h4 class=\"cs-title\">\n\t                A warm and elegant setting\t            <\/h4>\t            <div class=\"cs-title-text\">\n\t                <p>Behind walls adorned with zelliges and tadelackt, our riad combines Moroccan tradition with modern comfort. It features :<\/p><ul><li>5 luxurious bedrooms (sleeps 12) tastefully decorated, offering comfort and privacy.<\/li><li>A central patio with fountain, perfect for relaxing moments.<\/li><li>A panoramic Rooftop with pool overlooking the Agdal gardens, ideal for aperitifs and dinners under the stars.<\/li><li>A convivial Moroccan lounge with fireplace for sharing warm moments.<\/li><li>A traditional hammam for relaxing moments after the hustle and bustle of the souk.<\/li><\/ul>\t            <\/div>        <\/div>\t\t\t\t<\/div>\n\t\t\t\t<\/div>\n\t\t\t\t\t<\/div>\n\t\t<\/div>\n\t\t\t\t\t<\/div>\n\t\t<\/section>\n\t\t\t\t<section class=\"elementor-section elementor-top-section elementor-element elementor-element-72f3fe3 elementor-section-boxed elementor-section-height-default elementor-section-height-default\" data-id=\"72f3fe3\" data-element_type=\"section\" data-settings=\"{&quot;_ha_eqh_enable&quot;:false}\">\n\t\t\t\t\t\t<div class=\"elementor-container elementor-column-gap-no\">\n\t\t\t\t\t<div class=\"elementor-column elementor-col-50 elementor-top-column elementor-element elementor-element-464c17b\" data-id=\"464c17b\" data-element_type=\"column\">\n\t\t\t<div class=\"elementor-widget-wrap elementor-element-populated\">\n\t\t\t\t\t\t<div class=\"elementor-element elementor-element-e749246 elementor-invisible elementor-widget elementor-widget-image\" data-id=\"e749246\" data-element_type=\"widget\" data-settings=\"{&quot;_animation&quot;:&quot;fadeIn&quot;}\" data-widget_type=\"image.default\">\n\t\t\t\t<div class=\"elementor-widget-container\">\n\t\t\t\t\t\t\t\t\t\t\t\t\t\t\t<img fetchpriority=\"high\" decoding=\"async\" width=\"780\" height=\"548\" src=\"https:\/\/riadamya.com\/wp-content\/uploads\/2025\/03\/10-scaled-e1741310921300-780x548.jpeg\" class=\"attachment-cozystay_780x9999 size-cozystay_780x9999 wp-image-2221\" alt=\"\" srcset=\"https:\/\/riadamya.com\/wp-content\/uploads\/2025\/03\/10-scaled-e1741310921300-780x548.jpeg 780w, https:\/\/riadamya.com\/wp-content\/uploads\/2025\/03\/10-scaled-e1741310921300-300x211.jpeg 300w, https:\/\/riadamya.com\/wp-content\/uploads\/2025\/03\/10-scaled-e1741310921300-1024x720.jpeg 1024w, https:\/\/riadamya.com\/wp-content\/uploads\/2025\/03\/10-scaled-e1741310921300-768x540.jpeg 768w, https:\/\/riadamya.com\/wp-content\/uploads\/2025\/03\/10-scaled-e1741310921300-1536x1080.jpeg 1536w, https:\/\/riadamya.com\/wp-content\/uploads\/2025\/03\/10-scaled-e1741310921300-1440x1013.jpeg 1440w, https:\/\/riadamya.com\/wp-content\/uploads\/2025\/03\/10-scaled-e1741310921300-1200x844.jpeg 1200w, https:\/\/riadamya.com\/wp-content\/uploads\/2025\/03\/10-scaled-e1741310921300-600x422.jpeg 600w, https:\/\/riadamya.com\/wp-content\/uploads\/2025\/03\/10-scaled-e1741310921300-550x387.jpeg 550w, https:\/\/riadamya.com\/wp-content\/uploads\/2025\/03\/10-scaled-e1741310921300-370x260.jpeg 370w, https:\/\/riadamya.com\/wp-content\/uploads\/2025\/03\/10-scaled-e1741310921300-255x179.jpeg 255w, https:\/\/riadamya.com\/wp-content\/uploads\/2025\/03\/10-scaled-e1741310921300.jpeg 1920w\" sizes=\"(max-width: 780px) 100vw, 780px\" \/>\t\t\t\t\t\t\t\t\t\t\t\t\t\t\t<\/div>\n\t\t\t\t<\/div>\n\t\t\t\t<div class=\"elementor-element elementor-element-8f2c0e6 elementor-widget elementor-widget-cs_title\" data-id=\"8f2c0e6\" data-element_type=\"widget\" data-widget_type=\"cs_title.default\">\n\t\t\t\t<div class=\"elementor-widget-container\">\n\t\t\t\t\t\n        <div class=\"cs-title-wrap\">\t            <h6 class=\"cs-title\">\n\t                Top-of-the-range service\t            <\/h6>\t            <div class=\"cs-title-text\">\n\t                <p>A dedicated team is at your disposal to ensure that your stay is synonymous with serenity:<\/p><ul><li>Our Manager to organize every detail of your stay.<\/li><li>A cook to prepare traditional dishes with enchanting flavors.<\/li><li>A house staff providing discreet, efficient service.<\/li><li>Possibility of a driver and guide, to discover Marrakech in a different way.<\/li><\/ul>\t            <\/div>        <\/div>\t\t\t\t<\/div>\n\t\t\t\t<\/div>\n\t\t\t\t\t<\/div>\n\t\t<\/div>\n\t\t\t\t<div class=\"elementor-column elementor-col-50 elementor-top-column elementor-element elementor-element-7676d32\" data-id=\"7676d32\" data-element_type=\"column\">\n\t\t\t<div class=\"elementor-widget-wrap elementor-element-populated\">\n\t\t\t\t\t\t<div class=\"elementor-element elementor-element-c38524c elementor-invisible elementor-widget elementor-widget-image\" data-id=\"c38524c\" data-element_type=\"widget\" data-settings=\"{&quot;_animation&quot;:&quot;fadeIn&quot;}\" data-widget_type=\"image.default\">\n\t\t\t\t<div class=\"elementor-widget-container\">\n\t\t\t\t\t\t\t\t\t\t\t\t\t\t\t<img decoding=\"async\" width=\"780\" height=\"548\" data-src=\"https:\/\/riadamya.com\/wp-content\/uploads\/2025\/03\/6e-780x548.jpg\" class=\"attachment-cozystay_780x9999 size-cozystay_780x9999 wp-image-2223 lazyload\" alt=\"\" data-srcset=\"https:\/\/riadamya.com\/wp-content\/uploads\/2025\/03\/6e-780x548.jpg 780w, https:\/\/riadamya.com\/wp-content\/uploads\/2025\/03\/6e-300x211.jpg 300w, https:\/\/riadamya.com\/wp-content\/uploads\/2025\/03\/6e-1024x720.jpg 1024w, https:\/\/riadamya.com\/wp-content\/uploads\/2025\/03\/6e-768x540.jpg 768w, https:\/\/riadamya.com\/wp-content\/uploads\/2025\/03\/6e-1536x1080.jpg 1536w, https:\/\/riadamya.com\/wp-content\/uploads\/2025\/03\/6e-1440x1013.jpg 1440w, https:\/\/riadamya.com\/wp-content\/uploads\/2025\/03\/6e-1200x844.jpg 1200w, https:\/\/riadamya.com\/wp-content\/uploads\/2025\/03\/6e-600x422.jpg 600w, https:\/\/riadamya.com\/wp-content\/uploads\/2025\/03\/6e-550x387.jpg 550w, https:\/\/riadamya.com\/wp-content\/uploads\/2025\/03\/6e-370x260.jpg 370w, https:\/\/riadamya.com\/wp-content\/uploads\/2025\/03\/6e-255x179.jpg 255w, https:\/\/riadamya.com\/wp-content\/uploads\/2025\/03\/6e.jpg 1920w\" data-sizes=\"(max-width: 780px) 100vw, 780px\" src=\"data:image\/gif;base64,R0lGODlhAQABAAAAACH5BAEKAAEALAAAAAABAAEAAAICTAEAOw==\" style=\"--smush-placeholder-width: 780px; --smush-placeholder-aspect-ratio: 780\/548;\" \/>\t\t\t\t\t\t\t\t\t\t\t\t\t\t\t<\/div>\n\t\t\t\t<\/div>\n\t\t\t\t<div class=\"elementor-element elementor-element-f096fc8 elementor-widget elementor-widget-cs_title\" data-id=\"f096fc8\" data-element_type=\"widget\" data-widget_type=\"cs_title.default\">\n\t\t\t\t<div class=\"elementor-widget-container\">\n\t\t\t\t\t\n        <div class=\"cs-title-wrap text-left\">\t            <h6 class=\"cs-title\">\n\t                Unique Experiences to Customize\t            <\/h6>\t            <div class=\"cs-title-text\">\n\t                <p>In addition to the comfort of the riad, we offer a range of tailor-made experiences:<\/p><ul><li>Private dinners and theme evenings with musical entertainment.<\/li><li>Moroccan cooking workshops, to learn how to concoct delicious tajines and oriental pastries.<\/li><li>Wellness sessions: massages, traditional hammam and treatments.<\/li><li>Personalized excursions: Agafay desert, Ourika valley, hot-air balloon flight...<\/li><\/ul>\t            <\/div>        <\/div>\t\t\t\t<\/div>\n\t\t\t\t<\/div>\n\t\t\t\t\t<\/div>\n\t\t<\/div>\n\t\t\t\t\t<\/div>\n\t\t<\/section>\n\t\t\t\t<\/div>","protected":false},"excerpt":{"rendered":"<p>Riad Amya &#038; Spa que pour vous ! Privatisation \u00a0Une Exp\u00e9rience Intime et Authentique Situ\u00e9 au c\u0153ur de la M\u00e9dina de Marrakech, notre magnifique riad de charme vous ouvre ses portes pour des \u00e9v\u00e9nements priv\u00e9s inoubliables. Que ce soit pour un anniversaire, une r\u00e9union de famille, une c\u00e9l\u00e9bration entre amis ou un \u00e9v\u00e9nement particulier, privatisez &#8230;<\/p>","protected":false},"author":1,"featured_media":0,"parent":0,"menu_order":0,"comment_status":"closed","ping_status":"closed","template":"template-wide-content.php","meta":{"cozystay_single_page_hide_site_header":"","cozystay_single_page_site_header_source":"","cozystay_single_page_custom_site_header":"0","cozystay_single_page_custom_sticky_site_header":"0","cozystay_single_page_hide_page_title":"on","cozystay_single_page_header_section_size":"","cozystay_single_page_header_background_color":"","cozystay_single_page_header_background_position_x":"center","cozystay_single_page_header_background_position_y":"center","cozystay_single_page_header_background_size":"cover","cozystay_single_page_header_background_repeat":"off","cozystay_single_page_header_background_scroll":"on","cozystay_single_page_header_text_color":"","cozystay_single_page_header_show_breadcrumb":"","cozystay_single_page_site_footer_hide_main":"","cozystay_single_custom_site_footer_main_source":"","cozystay_single_custom_site_footer_main":"0","cozystay_single_page_site_footer_hide_above":"","cozystay_single_custom_site_footer_above_source":"","cozystay_single_custom_site_footer_above":"0","cozystay_single_page_site_footer_hide_instagram":"","cozystay_single_page_site_footer_hide_bottom":"","cozystay_single_custom_mobile_menu_source":"","cozystay_single_custom_mobile_menu":"0","cozystay_single_custom_mobile_menu_animation":"","cozystay_single_custom_mobile_menu_width":"","cozystay_single_custom_mobile_menu_custom_width":375,"footnotes":""},"class_list":["post-263","page","type-page","status-publish","hentry"],"yoast_head":"<!-- This site is optimized with the Yoast SEO plugin v25.1 - https:\/\/yoast.com\/wordpress\/plugins\/seo\/ -->\n<title>Privatisation - Riad Amya and Spa Marrakech<\/title>\n<meta name=\"description\" content=\"Riad Amya and Spa Marrakech - Situ\u00e9 au c\u0153ur de la M\u00e9dina de Marrakech, notre magnifique riad de charme vous ouvre ses portes pour des \u00e9v\u00e9nements priv\u00e9s inoubliables.\" \/>\n<meta name=\"robots\" content=\"index, follow, max-snippet:-1, max-image-preview:large, max-video-preview:-1\" \/>\n<link rel=\"canonical\" href=\"https:\/\/riadamya.com\/en\/privatisation\/\" \/>\n<meta property=\"og:locale\" content=\"en_US\" \/>\n<meta property=\"og:type\" content=\"article\" \/>\n<meta property=\"og:title\" content=\"Privatisation - Riad Amya and Spa Marrakech\" \/>\n<meta property=\"og:description\" content=\"Riad Amya and Spa Marrakech - Situ\u00e9 au c\u0153ur de la M\u00e9dina de Marrakech, notre magnifique riad de charme vous ouvre ses portes pour des \u00e9v\u00e9nements priv\u00e9s inoubliables.\" \/>\n<meta property=\"og:url\" content=\"https:\/\/riadamya.com\/en\/privatisation\/\" \/>\n<meta property=\"og:site_name\" content=\"Riad Amya and Spa Marrakech\" \/>\n<meta property=\"article:publisher\" content=\"https:\/\/www.facebook.com\/profile.php?id=100081558644289\" \/>\n<meta property=\"article:modified_time\" content=\"2025-04-10T16:36:15+00:00\" \/>\n<meta property=\"og:image\" content=\"https:\/\/riadamya.com\/wp-content\/uploads\/2025\/03\/10-scaled-e1741310921300-780x548.jpeg\" \/>\n<meta name=\"twitter:card\" content=\"summary_large_image\" \/>\n<meta name=\"twitter:label1\" content=\"Est. reading time\" \/>\n\t<meta name=\"twitter:data1\" content=\"2 minutes\" \/>\n<script type=\"application\/ld+json\" class=\"yoast-schema-graph\">{\"@context\":\"https:\/\/schema.org\",\"@graph\":[{\"@type\":\"WebPage\",\"@id\":\"https:\/\/riadamya.com\/privatisation\/\",\"url\":\"https:\/\/riadamya.com\/privatisation\/\",\"name\":\"Privatisation - Riad Amya and Spa Marrakech\",\"isPartOf\":{\"@id\":\"https:\/\/riadamya.com\/#website\"},\"primaryImageOfPage\":{\"@id\":\"https:\/\/riadamya.com\/privatisation\/#primaryimage\"},\"image\":{\"@id\":\"https:\/\/riadamya.com\/privatisation\/#primaryimage\"},\"thumbnailUrl\":\"https:\/\/riadamya.com\/wp-content\/uploads\/2025\/03\/10-scaled-e1741310921300-780x548.jpeg\",\"datePublished\":\"2023-03-28T03:07:48+00:00\",\"dateModified\":\"2025-04-10T16:36:15+00:00\",\"description\":\"Riad Amya and Spa Marrakech - Situ\u00e9 au c\u0153ur de la M\u00e9dina de Marrakech, notre magnifique riad de charme vous ouvre ses portes pour des \u00e9v\u00e9nements priv\u00e9s inoubliables.\",\"breadcrumb\":{\"@id\":\"https:\/\/riadamya.com\/privatisation\/#breadcrumb\"},\"inLanguage\":\"en-US\",\"potentialAction\":[{\"@type\":\"ReadAction\",\"target\":[\"https:\/\/riadamya.com\/privatisation\/\"]}]},{\"@type\":\"ImageObject\",\"inLanguage\":\"en-US\",\"@id\":\"https:\/\/riadamya.com\/privatisation\/#primaryimage\",\"url\":\"https:\/\/riadamya.com\/wp-content\/uploads\/2025\/03\/10-scaled-e1741310921300-780x548.jpeg\",\"contentUrl\":\"https:\/\/riadamya.com\/wp-content\/uploads\/2025\/03\/10-scaled-e1741310921300-780x548.jpeg\"},{\"@type\":\"BreadcrumbList\",\"@id\":\"https:\/\/riadamya.com\/privatisation\/#breadcrumb\",\"itemListElement\":[{\"@type\":\"ListItem\",\"position\":1,\"name\":\"Accueil\",\"item\":\"https:\/\/riadamya.com\/\"},{\"@type\":\"ListItem\",\"position\":2,\"name\":\"Privatisation\"}]},{\"@type\":\"WebSite\",\"@id\":\"https:\/\/riadamya.com\/#website\",\"url\":\"https:\/\/riadamya.com\/\",\"name\":\"Ryad Amya and Spa Marrakech\",\"description\":\"\",\"publisher\":{\"@id\":\"https:\/\/riadamya.com\/#organization\"},\"potentialAction\":[{\"@type\":\"SearchAction\",\"target\":{\"@type\":\"EntryPoint\",\"urlTemplate\":\"https:\/\/riadamya.com\/?s={search_term_string}\"},\"query-input\":{\"@type\":\"PropertyValueSpecification\",\"valueRequired\":true,\"valueName\":\"search_term_string\"}}],\"inLanguage\":\"en-US\"},{\"@type\":\"Organization\",\"@id\":\"https:\/\/riadamya.com\/#organization\",\"name\":\"Ryad Amya and Spa Marrakech\",\"url\":\"https:\/\/riadamya.com\/\",\"logo\":{\"@type\":\"ImageObject\",\"inLanguage\":\"en-US\",\"@id\":\"https:\/\/riadamya.com\/#\/schema\/logo\/image\/\",\"url\":\"https:\/\/riadamya.com\/wp-content\/uploads\/2025\/03\/cropped-Logo-BLanc.png\",\"contentUrl\":\"https:\/\/riadamya.com\/wp-content\/uploads\/2025\/03\/cropped-Logo-BLanc.png\",\"width\":581,\"height\":294,\"caption\":\"Ryad Amya and Spa Marrakech\"},\"image\":{\"@id\":\"https:\/\/riadamya.com\/#\/schema\/logo\/image\/\"},\"sameAs\":[\"https:\/\/www.facebook.com\/profile.php?id=100081558644289\",\"https:\/\/instagram.com\/riad.amya.spa.marrakech\"]}]}<\/script>\n<!-- \/ Yoast SEO plugin. -->","yoast_head_json":{"title":"Privatisation - Riad Amya and Spa Marrakech","description":"Riad Amya and Spa Marrakech - Situ\u00e9 au c\u0153ur de la M\u00e9dina de Marrakech, notre magnifique riad de charme vous ouvre ses portes pour des \u00e9v\u00e9nements priv\u00e9s inoubliables.","robots":{"index":"index","follow":"follow","max-snippet":"max-snippet:-1","max-image-preview":"max-image-preview:large","max-video-preview":"max-video-preview:-1"},"canonical":"https:\/\/riadamya.com\/en\/privatisation\/","og_locale":"en_US","og_type":"article","og_title":"Privatisation - Riad Amya and Spa Marrakech","og_description":"Riad Amya and Spa Marrakech - Situ\u00e9 au c\u0153ur de la M\u00e9dina de Marrakech, notre magnifique riad de charme vous ouvre ses portes pour des \u00e9v\u00e9nements priv\u00e9s inoubliables.","og_url":"https:\/\/riadamya.com\/en\/privatisation\/","og_site_name":"Riad Amya and Spa Marrakech","article_publisher":"https:\/\/www.facebook.com\/profile.php?id=100081558644289","article_modified_time":"2025-04-10T16:36:15+00:00","og_image":[{"url":"https:\/\/riadamya.com\/wp-content\/uploads\/2025\/03\/10-scaled-e1741310921300-780x548.jpeg","type":"","width":"","height":""}],"twitter_card":"summary_large_image","twitter_misc":{"Est. reading time":"2 minutes"},"schema":{"@context":"https:\/\/schema.org","@graph":[{"@type":"WebPage","@id":"https:\/\/riadamya.com\/privatisation\/","url":"https:\/\/riadamya.com\/privatisation\/","name":"Privatisation - Riad Amya and Spa Marrakech","isPartOf":{"@id":"https:\/\/riadamya.com\/#website"},"primaryImageOfPage":{"@id":"https:\/\/riadamya.com\/privatisation\/#primaryimage"},"image":{"@id":"https:\/\/riadamya.com\/privatisation\/#primaryimage"},"thumbnailUrl":"https:\/\/riadamya.com\/wp-content\/uploads\/2025\/03\/10-scaled-e1741310921300-780x548.jpeg","datePublished":"2023-03-28T03:07:48+00:00","dateModified":"2025-04-10T16:36:15+00:00","description":"Riad Amya and Spa Marrakech - Situ\u00e9 au c\u0153ur de la M\u00e9dina de Marrakech, notre magnifique riad de charme vous ouvre ses portes pour des \u00e9v\u00e9nements priv\u00e9s inoubliables.","breadcrumb":{"@id":"https:\/\/riadamya.com\/privatisation\/#breadcrumb"},"inLanguage":"en-US","potentialAction":[{"@type":"ReadAction","target":["https:\/\/riadamya.com\/privatisation\/"]}]},{"@type":"ImageObject","inLanguage":"en-US","@id":"https:\/\/riadamya.com\/privatisation\/#primaryimage","url":"https:\/\/riadamya.com\/wp-content\/uploads\/2025\/03\/10-scaled-e1741310921300-780x548.jpeg","contentUrl":"https:\/\/riadamya.com\/wp-content\/uploads\/2025\/03\/10-scaled-e1741310921300-780x548.jpeg"},{"@type":"BreadcrumbList","@id":"https:\/\/riadamya.com\/privatisation\/#breadcrumb","itemListElement":[{"@type":"ListItem","position":1,"name":"Accueil","item":"https:\/\/riadamya.com\/"},{"@type":"ListItem","position":2,"name":"Privatisation"}]},{"@type":"WebSite","@id":"https:\/\/riadamya.com\/#website","url":"https:\/\/riadamya.com\/","name":"Ryad Amya and Spa Marrakech","description":"","publisher":{"@id":"https:\/\/riadamya.com\/#organization"},"potentialAction":[{"@type":"SearchAction","target":{"@type":"EntryPoint","urlTemplate":"https:\/\/riadamya.com\/?s={search_term_string}"},"query-input":{"@type":"PropertyValueSpecification","valueRequired":true,"valueName":"search_term_string"}}],"inLanguage":"en-US"},{"@type":"Organization","@id":"https:\/\/riadamya.com\/#organization","name":"Ryad Amya and Spa Marrakech","url":"https:\/\/riadamya.com\/","logo":{"@type":"ImageObject","inLanguage":"en-US","@id":"https:\/\/riadamya.com\/#\/schema\/logo\/image\/","url":"https:\/\/riadamya.com\/wp-content\/uploads\/2025\/03\/cropped-Logo-BLanc.png","contentUrl":"https:\/\/riadamya.com\/wp-content\/uploads\/2025\/03\/cropped-Logo-BLanc.png","width":581,"height":294,"caption":"Ryad Amya and Spa Marrakech"},"image":{"@id":"https:\/\/riadamya.com\/#\/schema\/logo\/image\/"},"sameAs":["https:\/\/www.facebook.com\/profile.php?id=100081558644289","https:\/\/instagram.com\/riad.amya.spa.marrakech"]}]}},"_links":{"self":[{"href":"https:\/\/riadamya.com\/en\/wp-json\/wp\/v2\/pages\/263","targetHints":{"allow":["GET"]}}],"collection":[{"href":"https:\/\/riadamya.com\/en\/wp-json\/wp\/v2\/pages"}],"about":[{"href":"https:\/\/riadamya.com\/en\/wp-json\/wp\/v2\/types\/page"}],"author":[{"embeddable":true,"href":"https:\/\/riadamya.com\/en\/wp-json\/wp\/v2\/users\/1"}],"replies":[{"embeddable":true,"href":"https:\/\/riadamya.com\/en\/wp-json\/wp\/v2\/comments?post=263"}],"version-history":[{"count":8,"href":"https:\/\/riadamya.com\/en\/wp-json\/wp\/v2\/pages\/263\/revisions"}],"predecessor-version":[{"id":2483,"href":"https:\/\/riadamya.com\/en\/wp-json\/wp\/v2\/pages\/263\/revisions\/2483"}],"wp:attachment":[{"href":"https:\/\/riadamya.com\/en\/wp-json\/wp\/v2\/media?parent=263"}],"curies":[{"name":"wp","href":"https:\/\/api.w.org\/{rel}","templated":true}]}}